{"id":2199,"date":"2022-01-03T12:29:33","date_gmt":"2022-01-03T12:29:33","guid":{"rendered":"https:\/\/jurilotman.ee\/?page_id=2199"},"modified":"2022-02-14T14:19:24","modified_gmt":"2022-02-14T12:19:24","slug":"work","status":"publish","type":"page","link":"https:\/\/jurilotman.ee\/en\/work\/","title":{"rendered":"Work"},"content":{"rendered":"\r\n<div class=\"subcategories position-relative py-16\">\r\n    <div class=\"subcategories-header container-lg position-relative\">\r\n        <div class=\"row\">\r\n            <div class=\"col-md-8\">\r\n                <h1 class=\"mb-2 text-white\">Work<\/h1>\r\n                <p class=\"lead mb-17 text-white\">Stories about Lotman&#8217;s life, research, creation and thoughts.<\/p>\r\n            <\/div>\r\n        <\/div>\r\n    <\/div>\r\n    <div class=\"subcategories-bg position-absolute top-0 end-0 bottom-0 start-0\">\r\n        <img class=\"w-100 h-100\" src=\"https:\/\/jurilotman.ee\/wp-content\/uploads\/2022\/01\/landing-page-cover.jpg\" alt=\"\">\r\n    <\/div>\r\n    <div class=\"subcategories-content container-fluid\">\r\n        <div class=\"row align-items-center justify-content-evenly\">\r\n                            <div class=\"col-xl-4 col-sm-6 col-12 subcategory-item position-relative pb-4\">\r\n                    <a class=\"item-card-link\" href=\"https:\/\/jurilotman.ee\/en\/category\/working-life\/movie\/\"><\/a>\r\n                    <div class=\"subcategory-wrapper position-relative d-flex flex-column\">\r\n                        <div class=\"subcategory-img-wrapper ratio ratio-1x1\">\r\n                                                            <img src=\"https:\/\/jurilotman.ee\/wp-content\/uploads\/2022\/02\/film.jpg\" alt=\"\">\r\n                                                    <\/div>\r\n                        <div class=\"subcategory-title\">\r\n                            <h3 class=\"d-inline-block py-4 px-6\">Movie<\/h3>\r\n                        <\/div>\r\n                    <\/div>\r\n                <\/div>\r\n                            <div class=\"col-xl-4 col-sm-6 col-12 subcategory-item position-relative pb-4\">\r\n                    <a class=\"item-card-link\" href=\"https:\/\/jurilotman.ee\/en\/category\/working-life\/humor\/\"><\/a>\r\n                    <div class=\"subcategory-wrapper position-relative d-flex flex-column\">\r\n                        <div class=\"subcategory-img-wrapper ratio ratio-1x1\">\r\n                                                            <img src=\"https:\/\/jurilotman.ee\/wp-content\/uploads\/2022\/02\/huumor.jpg\" alt=\"\">\r\n                                                    <\/div>\r\n                        <div class=\"subcategory-title\">\r\n                            <h3 class=\"d-inline-block py-4 px-6\">Humor<\/h3>\r\n                        <\/div>\r\n                    <\/div>\r\n                <\/div>\r\n                            <div class=\"col-xl-4 col-sm-6 col-12 subcategory-item position-relative pb-4\">\r\n                    <a class=\"item-card-link\" href=\"https:\/\/jurilotman.ee\/en\/category\/working-life\/cultural-semiotics\/\"><\/a>\r\n                    <div class=\"subcategory-wrapper position-relative d-flex flex-column\">\r\n                        <div class=\"subcategory-img-wrapper ratio ratio-1x1\">\r\n                                                            <img src=\"https:\/\/jurilotman.ee\/wp-content\/uploads\/2022\/02\/kultuurisemiootika.jpg\" alt=\"\">\r\n                                                    <\/div>\r\n                        <div class=\"subcategory-title\">\r\n                            <h3 class=\"d-inline-block py-4 px-6\">Cultural semiotics<\/h3>\r\n                        <\/div>\r\n                    <\/div>\r\n                <\/div>\r\n                            <div class=\"col-xl-4 col-sm-6 col-12 subcategory-item position-relative pb-4\">\r\n                    <a class=\"item-card-link\" href=\"https:\/\/jurilotman.ee\/en\/category\/working-life\/politics-and-everyday-life\/\"><\/a>\r\n                    <div class=\"subcategory-wrapper position-relative d-flex flex-column\">\r\n                        <div class=\"subcategory-img-wrapper ratio ratio-1x1\">\r\n                                                            <img src=\"https:\/\/jurilotman.ee\/wp-content\/uploads\/2022\/02\/poliitika-ja-argielu.jpg\" alt=\"\">\r\n                                                    <\/div>\r\n                        <div class=\"subcategory-title\">\r\n                            <h3 class=\"d-inline-block py-4 px-6\">Politics and everyday life<\/h3>\r\n                        <\/div>\r\n                    <\/div>\r\n                <\/div>\r\n                            <div class=\"col-xl-4 col-sm-6 col-12 subcategory-item position-relative pb-4\">\r\n                    <a class=\"item-card-link\" href=\"https:\/\/jurilotman.ee\/en\/category\/working-life\/puskin-en\/\"><\/a>\r\n                    <div class=\"subcategory-wrapper position-relative d-flex flex-column\">\r\n                        <div class=\"subcategory-img-wrapper ratio ratio-1x1\">\r\n                                                            <img src=\"https:\/\/jurilotman.ee\/wp-content\/uploads\/2022\/02\/cover.jpg\" alt=\"\">\r\n                                                    <\/div>\r\n                        <div class=\"subcategory-title\">\r\n                            <h3 class=\"d-inline-block py-4 px-6\">Pu\u0161kin<\/h3>\r\n                        <\/div>\r\n                    <\/div>\r\n                <\/div>\r\n                            <div class=\"col-xl-4 col-sm-6 col-12 subcategory-item position-relative pb-4\">\r\n                    <a class=\"item-card-link\" href=\"https:\/\/jurilotman.ee\/en\/category\/working-life\/enriching-periphery\/\"><\/a>\r\n                    <div class=\"subcategory-wrapper position-relative d-flex flex-column\">\r\n                        <div class=\"subcategory-img-wrapper ratio ratio-1x1\">\r\n                                                            <img src=\"https:\/\/jurilotman.ee\/wp-content\/uploads\/2022\/02\/rikastav-perifeeria.jpg\" alt=\"\">\r\n                                                    <\/div>\r\n                        <div class=\"subcategory-title\">\r\n                            <h3 class=\"d-inline-block py-4 px-6\">Enriching periphery<\/h3>\r\n                        <\/div>\r\n                    <\/div>\r\n                <\/div>\r\n                            <div class=\"col-xl-4 col-sm-6 col-12 subcategory-item position-relative pb-4\">\r\n                    <a class=\"item-card-link\" href=\"https:\/\/jurilotman.ee\/en\/category\/working-life\/tartu-moscow-school\/\"><\/a>\r\n                    <div class=\"subcategory-wrapper position-relative d-flex flex-column\">\r\n                        <div class=\"subcategory-img-wrapper ratio ratio-1x1\">\r\n                                                            <img src=\"https:\/\/jurilotman.ee\/wp-content\/uploads\/2022\/02\/tartu-moskva-koolkond.jpg\" alt=\"\">\r\n                                                    <\/div>\r\n                        <div class=\"subcategory-title\">\r\n                            <h3 class=\"d-inline-block py-4 px-6\">Tartu-Moscow school<\/h3>\r\n                        <\/div>\r\n                    <\/div>\r\n                <\/div>\r\n                            <div class=\"col-xl-4 col-sm-6 col-12 subcategory-item position-relative pb-4\">\r\n                    <a class=\"item-card-link\" href=\"https:\/\/jurilotman.ee\/en\/category\/working-life\/conversations-about-russian-cultural-history\/\"><\/a>\r\n                    <div class=\"subcategory-wrapper position-relative d-flex flex-column\">\r\n                        <div class=\"subcategory-img-wrapper ratio ratio-1x1\">\r\n                                                            <img src=\"https:\/\/jurilotman.ee\/wp-content\/uploads\/2022\/02\/vestlusi-vene-kultuuriloost.jpg\" alt=\"\">\r\n                                                    <\/div>\r\n                        <div class=\"subcategory-title\">\r\n                            <h3 class=\"d-inline-block py-4 px-6\">Conversations about Russian cultural history<\/h3>\r\n                        <\/div>\r\n                    <\/div>\r\n                <\/div>\r\n                    <\/div>\r\n    <\/div>\r\n<\/div>\n\n\r\n<div class=\"featured-quote py-20 pt-md-30 pb-md-40 border-bottom\">\r\n    <div class=\"container-lg\">\r\n        <div class=\"row\">\r\n            <div class=\"col-md-10 offset-md-1 col-xl-8 offset-xl-2 d-sm-flex align-items-start\">\r\n                <div class=\"featured-quote-img ratio ratio-1x1 overflow-hidden me-sm-4\">\r\n                    <img width=\"300\" height=\"300\" src=\"https:\/\/jurilotman.ee\/wp-content\/uploads\/2022\/01\/quote-img-300x300.jpg\" class=\"attachment-medium size-medium wp-post-image\" alt=\"\" loading=\"lazy\" srcset=\"https:\/\/jurilotman.ee\/wp-content\/uploads\/2022\/01\/quote-img-300x300.jpg 300w, https:\/\/jurilotman.ee\/wp-content\/uploads\/2022\/01\/quote-img-150x150.jpg 150w, https:\/\/jurilotman.ee\/wp-content\/uploads\/2022\/01\/quote-img.jpg 480w\" sizes=\"(max-width: 300px) 100vw, 300px\" \/>                <\/div>\r\n                <div class=\"featured-quote-content mt-sm-20\">\r\n                    <div class=\"ps-10 ps-sm-0\">\r\n                        <div class=\"lead\">Selleks, et me saaksime suhelda, peame olema k\u00fcllalt sarnased. Kuid selleks, et meil oleks m\u00f5tet suhelda, peaksime olema k\u00fcllalt erinevad.<\/div>\r\n                                                    <div class=\"featured-quote-reference mt-4\"><p><strong>Juri Lotman<\/strong><\/p>\n<\/div>\r\n                                            <\/div>\r\n                <\/div>\r\n            <\/div>\r\n        <\/div>\r\n    <\/div>\r\n<\/div>\n\n","protected":false},"excerpt":{"rendered":"<p>Stories about Lotman&#8217;s life, research, creation and thoughts.<\/p>\n","protected":false},"author":1,"featured_media":0,"parent":0,"menu_order":0,"comment_status":"closed","ping_status":"closed","template":"","meta":[],"acf":[],"_links":{"self":[{"href":"https:\/\/jurilotman.ee\/en\/wp-json\/wp\/v2\/pages\/2199"}],"collection":[{"href":"https:\/\/jurilotman.ee\/en\/wp-json\/wp\/v2\/pages"}],"about":[{"href":"https:\/\/jurilotman.ee\/en\/wp-json\/wp\/v2\/types\/page"}],"author":[{"embeddable":true,"href":"https:\/\/jurilotman.ee\/en\/wp-json\/wp\/v2\/users\/1"}],"replies":[{"embeddable":true,"href":"https:\/\/jurilotman.ee\/en\/wp-json\/wp\/v2\/comments?post=2199"}],"version-history":[{"count":5,"href":"https:\/\/jurilotman.ee\/en\/wp-json\/wp\/v2\/pages\/2199\/revisions"}],"predecessor-version":[{"id":4993,"href":"https:\/\/jurilotman.ee\/en\/wp-json\/wp\/v2\/pages\/2199\/revisions\/4993"}],"wp:attachment":[{"href":"https:\/\/jurilotman.ee\/en\/wp-json\/wp\/v2\/media?parent=2199"}],"curies":[{"name":"wp","href":"https:\/\/api.w.org\/{rel}","templated":true}]}}