{"id":2203,"date":"2022-01-03T11:20:35","date_gmt":"2022-01-03T11:20:35","guid":{"rendered":"https:\/\/jurilotman.ee\/?page_id=2203"},"modified":"2022-02-23T10:43:23","modified_gmt":"2022-02-23T08:43:23","slug":"juri-lotman-100","status":"publish","type":"page","link":"https:\/\/jurilotman.ee\/en\/juri-lotman-100\/","title":{"rendered":"Juri Lotman 100"},"content":{"rendered":"\n<div class=\"swiper swiper-carousel\" data-carousel-autoplay=\"true\" data-carousel-delay=\"3000\"><div class=\"swiper-wrapper\">\n<div class=\"swiper-slide landing-page-intro d-flex w-100 overlay-2\"><div class=\"overflow-hidden w-100 h-100 d-flex flex-column d-lg-block\"><figure class=\"landing-page-intro-bg w-100 m-0 d-flex align-items-center\"><img loading=\"lazy\" src=\"https:\/\/jurilotman.ee\/wp-content\/uploads\/2022\/01\/carousel-2.jpg\" alt=\"\" class=\"landing-page-intro-bg-img wp-image-3675 w-100 h-100\" width=\"1365\" height=\"1169\" srcset=\"https:\/\/jurilotman.ee\/wp-content\/uploads\/2022\/01\/carousel-2.jpg 1365w, https:\/\/jurilotman.ee\/wp-content\/uploads\/2022\/01\/carousel-2-300x257.jpg 300w, https:\/\/jurilotman.ee\/wp-content\/uploads\/2022\/01\/carousel-2-1024x877.jpg 1024w, https:\/\/jurilotman.ee\/wp-content\/uploads\/2022\/01\/carousel-2-768x658.jpg 768w\" sizes=\"(max-width: 1365px) 100vw, 1365px\" \/><\/figure><div class=\"landing-page-intro-content-wrapper w-100 container-lg d-flex align-items-center\"><div class=\"row p-0 m-0 w-100\"><div class=\"landing-page-intro-content col-12 col-lg-6 offset-lg-6\"><h1 class=\"mb-2\"><span class=\"swiper-no-swiping\">100 years since the birth of Juri Lotman<\/span><\/h1><p class=\"lead mb-6\"><span class=\"swiper-no-swiping\">In 2022 we will celebrate the centenary of the birth of Juri Lotman (1922-1993), renowned Russian-Estonian semiotician, literary scholar and cultural historian.<\/span><\/p><div class=\"lead m-0\">\n<div class=\"wp-container-1 wp-block-buttons\">\n<div class=\"wp-block-button\"><a class=\"wp-block-button__link\" href=\"https:\/\/jurilotman.ee\/en\/events\/\">Events<\/a><\/div>\n\n\n\n<div class=\"wp-block-button is-style-secondary-dark\"><a class=\"wp-block-button__link\" href=\"https:\/\/jurilotman.ee\/en\/juri-lotman-100\/congress-2022\/\">Congress homepage<\/a><\/div>\n<\/div>\n<\/div><\/div><\/div><\/div><\/div><\/div>\n<\/div><div class=\"swiper-pagination\"><\/div><\/div>\n\n\n\n\n\r\n<div class=\"featured-quote py-20 pt-md-30 pb-md-40 border-bottom\">\r\n    <div class=\"container-lg\">\r\n        <div class=\"row\">\r\n            <div class=\"col-md-10 offset-md-1 col-xl-8 offset-xl-2 d-sm-flex align-items-start\">\r\n                <div class=\"featured-quote-img ratio ratio-1x1 overflow-hidden me-sm-4\">\r\n                    <img width=\"300\" height=\"300\" src=\"https:\/\/jurilotman.ee\/wp-content\/uploads\/2022\/02\/lotman-quote-pic-300x300.jpg\" class=\"attachment-medium size-medium wp-post-image\" alt=\"\" loading=\"lazy\" srcset=\"https:\/\/jurilotman.ee\/wp-content\/uploads\/2022\/02\/lotman-quote-pic-300x300.jpg 300w, https:\/\/jurilotman.ee\/wp-content\/uploads\/2022\/02\/lotman-quote-pic-150x150.jpg 150w, https:\/\/jurilotman.ee\/wp-content\/uploads\/2022\/02\/lotman-quote-pic.jpg 480w\" sizes=\"(max-width: 300px) 100vw, 300px\" \/>                <\/div>\r\n                <div class=\"featured-quote-content mt-sm-20\">\r\n                    <div class=\"ps-10 ps-sm-0\">\r\n                        <div class=\"lead\">The possibility of doing wrong is the first step towards the ability to consciously choose not to do so.\u00a0<\/div>\r\n                                                    <div class=\"featured-quote-reference mt-4\"><p><strong>Juri Lotman<\/strong><\/p>\n<\/div>\r\n                                            <\/div>\r\n                <\/div>\r\n            <\/div>\r\n        <\/div>\r\n    <\/div>\r\n<\/div>\n\n\n<div class=\"category-posts category-posts-list position-relative overflow-hidden py-16 py-lg-30\">\n    <div class=\"container-lg position-relative\">\n        <div class=\"row\">\n            <div class=\"col-lg-10 offset-lg-1 d-flex flex-column align-items-center\">\n                 \n                    <h2 class=\"category-posts-title mb-2 text-center\">Uudised<\/h2>\n                                <div class=\"posts-list-wrapper\">\n                                            <div class=\"item-card overflow-hidden position-relative\">\n                                                            <a href=\"https:\/\/jurilotman.ee\/en\/news\/cfp-nass-tallinn-lotman-days-2025\/\" class=\"item-card-link text-decoration-none d-block\" ><\/a>\n                                                        <div class=\"item-card-wrapper d-flex flex-column flex-sm-row\">\n                                <div class=\"item-card-content d-flex flex-column p-4 pb-6 p-md-6\">\n                                                                        <h3 class=\"item-card-title mt-0 mb-2\">\n                                        CFP: NASS TALLINN \/ LOTMAN DAYS 2025\u00a0&#8211; deadline extended to January 31                                    <\/h3>\n                                                                            <p class=\"item-card-text mb-4\">The 14th conference of the Nordic Association for Semiotic Studies along with the 15th Annual &hellip;<\/p>\n                                                                                                                <div class=\"item-tags small d-flex align-items-start mt-auto\">\n                                            <div class=\"tags-links text-break text-start\">\n                                                <a href=\"https:\/\/jurilotman.ee\/en\/?s&#038;tag%5B%5D=conference\">conference<\/a>                                            <\/div>\n                                        <\/div>\n                                                                    <\/div>\n                                <div class=\"item-img-wrapper-wrapper position-relative\">\n                                    <div class=\"item-img-wrapper top-0 bottom-0 start-0 end-0 overflow-hidden\">\n                                                                                    <img width=\"300\" height=\"169\" src=\"https:\/\/jurilotman.ee\/wp-content\/uploads\/2025\/01\/nordic_conference_2025-300x169.jpg\" class=\"w-100 h-100 wp-post-image\" alt=\"\" loading=\"lazy\" srcset=\"https:\/\/jurilotman.ee\/wp-content\/uploads\/2025\/01\/nordic_conference_2025-300x169.jpg 300w, https:\/\/jurilotman.ee\/wp-content\/uploads\/2025\/01\/nordic_conference_2025-1024x576.jpg 1024w, https:\/\/jurilotman.ee\/wp-content\/uploads\/2025\/01\/nordic_conference_2025-768x432.jpg 768w, https:\/\/jurilotman.ee\/wp-content\/uploads\/2025\/01\/nordic_conference_2025-1536x864.jpg 1536w, https:\/\/jurilotman.ee\/wp-content\/uploads\/2025\/01\/nordic_conference_2025-1344x756.jpg 1344w, https:\/\/jurilotman.ee\/wp-content\/uploads\/2025\/01\/nordic_conference_2025.jpg 1920w\" sizes=\"(max-width: 300px) 100vw, 300px\" \/>                                                                            <\/div>\n                                <\/div>\n                            <\/div>\n                        <\/div>\n                                            <div class=\"item-card overflow-hidden position-relative\">\n                                                        <div class=\"item-card-wrapper d-flex flex-column flex-sm-row\">\n                                <div class=\"item-card-content d-flex flex-column p-4 pb-6 p-md-6\">\n                                                                        <h3 class=\"item-card-title mt-0 mb-2\">\n                                        Semiotics of Conflict. A Lotmanian Perspective                                    <\/h3>\n                                                                            <p class=\"item-card-text mb-4\">The volume sets out to explicate the phenomenon of conflict in dialogue with Juri Lotman\u2019s &hellip;<\/p>\n                                                                                                                <div class=\"item-tags small d-flex align-items-start mt-auto\">\n                                            <div class=\"tags-links text-break text-start\">\n                                                <a href=\"https:\/\/jurilotman.ee\/en\/?s&#038;tag%5B%5D=cultural-semiotics\">cultural semiotics<\/a>, <a href=\"https:\/\/jurilotman.ee\/en\/?s&#038;tag%5B%5D=publication\">publication<\/a>                                            <\/div>\n                                        <\/div>\n                                                                    <\/div>\n                                <div class=\"item-img-wrapper-wrapper position-relative\">\n                                    <div class=\"item-img-wrapper top-0 bottom-0 start-0 end-0 overflow-hidden\">\n                                                                                    <img width=\"196\" height=\"300\" src=\"https:\/\/jurilotman.ee\/wp-content\/uploads\/2025\/01\/semiotics-of-conflict-196x300.jpeg\" class=\"w-100 h-100 wp-post-image\" alt=\"\" loading=\"lazy\" srcset=\"https:\/\/jurilotman.ee\/wp-content\/uploads\/2025\/01\/semiotics-of-conflict-196x300.jpeg 196w, https:\/\/jurilotman.ee\/wp-content\/uploads\/2025\/01\/semiotics-of-conflict-495x756.jpeg 495w, https:\/\/jurilotman.ee\/wp-content\/uploads\/2025\/01\/semiotics-of-conflict.jpeg 630w\" sizes=\"(max-width: 196px) 100vw, 196px\" \/>                                                                            <\/div>\n                                <\/div>\n                            <\/div>\n                        <\/div>\n                                            <div class=\"item-card overflow-hidden position-relative\">\n                                                            <a href=\"https:\/\/jurilotman.ee\/en\/news\/tartu-summer-school-of-semiotics-2023-coming-soon\/\" class=\"item-card-link text-decoration-none d-block\" ><\/a>\n                                                        <div class=\"item-card-wrapper d-flex flex-column flex-sm-row\">\n                                <div class=\"item-card-content d-flex flex-column p-4 pb-6 p-md-6\">\n                                                                        <h3 class=\"item-card-title mt-0 mb-2\">\n                                        Tartu Summer School of Semiotics 2023: \u201cComing Soon\u201d                                    <\/h3>\n                                                                            <p class=\"item-card-text mb-4\">Department of semiotics, University of Tartu invites scholars interested in topics related to the future &hellip;<\/p>\n                                                                                                                <div class=\"item-tags small d-flex align-items-start mt-auto\">\n                                            <div class=\"tags-links text-break text-start\">\n                                                <a href=\"https:\/\/jurilotman.ee\/en\/?s&#038;tag%5B%5D=conference\">conference<\/a>                                            <\/div>\n                                        <\/div>\n                                                                    <\/div>\n                                <div class=\"item-img-wrapper-wrapper position-relative\">\n                                    <div class=\"item-img-wrapper top-0 bottom-0 start-0 end-0 overflow-hidden\">\n                                                                                    <img width=\"300\" height=\"300\" src=\"https:\/\/jurilotman.ee\/wp-content\/uploads\/2023\/02\/TSSS_pirn-copy-300x300.png\" class=\"w-100 h-100 wp-post-image\" alt=\"\" loading=\"lazy\" srcset=\"https:\/\/jurilotman.ee\/wp-content\/uploads\/2023\/02\/TSSS_pirn-copy-300x300.png 300w, https:\/\/jurilotman.ee\/wp-content\/uploads\/2023\/02\/TSSS_pirn-copy-150x150.png 150w, https:\/\/jurilotman.ee\/wp-content\/uploads\/2023\/02\/TSSS_pirn-copy-768x768.png 768w, https:\/\/jurilotman.ee\/wp-content\/uploads\/2023\/02\/TSSS_pirn-copy-756x756.png 756w, https:\/\/jurilotman.ee\/wp-content\/uploads\/2023\/02\/TSSS_pirn-copy.png 800w\" sizes=\"(max-width: 300px) 100vw, 300px\" \/>                                                                            <\/div>\n                                <\/div>\n                            <\/div>\n                        <\/div>\n                                            <div class=\"item-card overflow-hidden position-relative\">\n                                                            <a href=\"https:\/\/jurilotman.ee\/en\/news\/international-lotmans-seminar-2023\/\" class=\"item-card-link text-decoration-none d-block\" ><\/a>\n                                                        <div class=\"item-card-wrapper d-flex flex-column flex-sm-row\">\n                                <div class=\"item-card-content d-flex flex-column p-4 pb-6 p-md-6\">\n                                                                        <h3 class=\"item-card-title mt-0 mb-2\">\n                                        International Lotman&#8217;s seminar 2023                                    <\/h3>\n                                                                            <p class=\"item-card-text mb-4\">26\u201328 February in Tartu. Organized by Department of Slavic Studies of the University of Tartu &hellip;<\/p>\n                                                                                                        <\/div>\n                                <div class=\"item-img-wrapper-wrapper position-relative\">\n                                    <div class=\"item-img-wrapper top-0 bottom-0 start-0 end-0 overflow-hidden\">\n                                                                                    <img width=\"246\" height=\"300\" src=\"https:\/\/jurilotman.ee\/wp-content\/uploads\/2023\/02\/lotmani-seminar-246x300.jpg\" class=\"w-100 h-100 wp-post-image\" alt=\"\" loading=\"lazy\" srcset=\"https:\/\/jurilotman.ee\/wp-content\/uploads\/2023\/02\/lotmani-seminar-246x300.jpg 246w, https:\/\/jurilotman.ee\/wp-content\/uploads\/2023\/02\/lotmani-seminar-620x756.jpg 620w, https:\/\/jurilotman.ee\/wp-content\/uploads\/2023\/02\/lotmani-seminar.jpg 656w\" sizes=\"(max-width: 246px) 100vw, 246px\" \/>                                                                            <\/div>\n                                <\/div>\n                            <\/div>\n                        <\/div>\n                                            <div class=\"item-card overflow-hidden position-relative\">\n                                                            <a href=\"https:\/\/jurilotman.ee\/en\/juri-lotman-100-en\/naitus-rannak-juri-lotmani-semiosfaaris-pariisis\/\" class=\"item-card-link text-decoration-none d-block\" ><\/a>\n                                                        <div class=\"item-card-wrapper d-flex flex-column flex-sm-row\">\n                                <div class=\"item-card-content d-flex flex-column p-4 pb-6 p-md-6\">\n                                                                        <h3 class=\"item-card-title mt-0 mb-2\">\n                                        N\u00e4itus &#8220;R\u00e4nnak Juri Lotmani semiosf\u00e4\u00e4ris&#8221; Pariisis                                    <\/h3>\n                                                                            <p class=\"item-card-text mb-4\">10.\u201321. oktoobril on n\u00e4itus &#8220;R\u00e4nnak Juri Lotmani semiosf\u00e4\u00e4ris&#8221; avatud UNESCO peakorteri S\u00e9guri Hallis, Pariisis.<\/p>\n                                                                                                        <\/div>\n                                <div class=\"item-img-wrapper-wrapper position-relative\">\n                                    <div class=\"item-img-wrapper top-0 bottom-0 start-0 end-0 overflow-hidden\">\n                                                                                    <img width=\"300\" height=\"200\" src=\"https:\/\/jurilotman.ee\/wp-content\/uploads\/2022\/10\/Pariis_Lotman_3-300x200.jpeg\" class=\"w-100 h-100 wp-post-image\" alt=\"\" loading=\"lazy\" srcset=\"https:\/\/jurilotman.ee\/wp-content\/uploads\/2022\/10\/Pariis_Lotman_3-300x200.jpeg 300w, https:\/\/jurilotman.ee\/wp-content\/uploads\/2022\/10\/Pariis_Lotman_3-1024x683.jpeg 1024w, https:\/\/jurilotman.ee\/wp-content\/uploads\/2022\/10\/Pariis_Lotman_3-768x512.jpeg 768w, https:\/\/jurilotman.ee\/wp-content\/uploads\/2022\/10\/Pariis_Lotman_3-1536x1024.jpeg 1536w, https:\/\/jurilotman.ee\/wp-content\/uploads\/2022\/10\/Pariis_Lotman_3-1134x756.jpeg 1134w, https:\/\/jurilotman.ee\/wp-content\/uploads\/2022\/10\/Pariis_Lotman_3.jpeg 2048w\" sizes=\"(max-width: 300px) 100vw, 300px\" \/>                                                                            <\/div>\n                                <\/div>\n                            <\/div>\n                        <\/div>\n                                    <\/div>\n                                    <a href=\"https:\/\/jurilotman.ee\/kategooria\/uudised\/\" class=\"btn-secondary d-inline-block fw-bold mt-8 mt-lg-10\">Rohkem<\/a>\n                            <\/div>\n        <\/div>\n    <\/div>\n<\/div>\n","protected":false},"excerpt":{"rendered":"","protected":false},"author":1,"featured_media":0,"parent":0,"menu_order":0,"comment_status":"closed","ping_status":"closed","template":"","meta":[],"acf":[],"_links":{"self":[{"href":"https:\/\/jurilotman.ee\/en\/wp-json\/wp\/v2\/pages\/2203"}],"collection":[{"href":"https:\/\/jurilotman.ee\/en\/wp-json\/wp\/v2\/pages"}],"about":[{"href":"https:\/\/jurilotman.ee\/en\/wp-json\/wp\/v2\/types\/page"}],"author":[{"embeddable":true,"href":"https:\/\/jurilotman.ee\/en\/wp-json\/wp\/v2\/users\/1"}],"replies":[{"embeddable":true,"href":"https:\/\/jurilotman.ee\/en\/wp-json\/wp\/v2\/comments?post=2203"}],"version-history":[{"count":4,"href":"https:\/\/jurilotman.ee\/en\/wp-json\/wp\/v2\/pages\/2203\/revisions"}],"predecessor-version":[{"id":6204,"href":"https:\/\/jurilotman.ee\/en\/wp-json\/wp\/v2\/pages\/2203\/revisions\/6204"}],"wp:attachment":[{"href":"https:\/\/jurilotman.ee\/en\/wp-json\/wp\/v2\/media?parent=2203"}],"curies":[{"name":"wp","href":"https:\/\/api.w.org\/{rel}","templated":true}]}}