{"id":2207,"date":"2022-01-03T12:30:53","date_gmt":"2022-01-03T12:30:53","guid":{"rendered":"https:\/\/jurilotman.ee\/?page_id=2207"},"modified":"2022-02-25T10:02:32","modified_gmt":"2022-02-25T08:02:32","slug":"congress-2022","status":"publish","type":"page","link":"https:\/\/jurilotman.ee\/en\/juri-lotman-100\/congress-2022\/","title":{"rendered":"Congress 2022"},"content":{"rendered":"\n<div class=\"hero hero-split\"><div class=\"container-fluid\"><div class=\"row\"><div class=\"hero-content-wrapper col-md-6 d-flex align-items-center\"><div class=\"hero-content\">\n<h6 id=\"25-28-february-2022\">25.\u201328. February 2022<\/h6>\n\n\n\n<h1 id=\"congress-juri-lotman-s-semiosphere\">Congress \u201cJuri Lotman&#8217;s Semiosphere\u201d<\/h1>\n\n\n\n<p class=\"has-large-font-size\">International congress celebrating Juri Lotman&#8217;s 100th anniversary in 2022.<\/p>\n\n\n\n<div class=\"wp-container-1 wp-block-buttons\">\n<div class=\"wp-block-button\"><a class=\"wp-block-button__link\" href=\"https:\/\/jurilotman.ee\/en\/programme\/\" target=\"_blank\" rel=\"noreferrer noopener\">Congress programme<\/a><\/div>\n\n\n\n<div class=\"wp-block-button\"><a class=\"wp-block-button__link\" href=\"https:\/\/jurilotman.ee\/wp-content\/uploads\/2022\/02\/Abstracts_Congress_Juri_Lotmans_Semiosphere.pdf\" target=\"_blank\" rel=\"noreferrer noopener\">Abstracts<\/a><\/div>\n<\/div>\n<\/div><\/div><div class=\"hero-img-wrapper col-md-6 d-flex align-items-center\"><figure class=\"hero-img ratio ratio-3x2 m-0\"><img loading=\"lazy\" src=\"https:\/\/jurilotman.ee\/wp-content\/uploads\/2022\/02\/lotman_painting2.jpg\" alt=\"\" class=\"wp-image-5352 w-100 h-100\" width=\"1600\" height=\"885\" srcset=\"https:\/\/jurilotman.ee\/wp-content\/uploads\/2022\/02\/lotman_painting2.jpg 1600w, https:\/\/jurilotman.ee\/wp-content\/uploads\/2022\/02\/lotman_painting2-300x166.jpg 300w, https:\/\/jurilotman.ee\/wp-content\/uploads\/2022\/02\/lotman_painting2-1024x566.jpg 1024w, https:\/\/jurilotman.ee\/wp-content\/uploads\/2022\/02\/lotman_painting2-768x425.jpg 768w, https:\/\/jurilotman.ee\/wp-content\/uploads\/2022\/02\/lotman_painting2-1536x850.jpg 1536w, https:\/\/jurilotman.ee\/wp-content\/uploads\/2022\/02\/lotman_painting2-1344x743.jpg 1344w\" sizes=\"(max-width: 1600px) 100vw, 1600px\" \/><\/figure><\/div><\/div><\/div><\/div>\n\n\n\n<p>In 2022 we celebrate the centenary of the birth of Juri Lotman (28 February 1922), with an International Congress \u201cJuri Lotman\u2019s Semiosphere\u201d.<\/p>\n\n\n\n<p>The official languages of the congress are English and Russian.<\/p>\n\n\n\n<p>The 4-day congress will take place on 25\u201326 February at Tallinn University and on 27\u201328 February at the University of Tartu, Estonia.<\/p>\n\n\n\n<div class=\"wp-block-columns\">\n<div class=\"wp-block-column\">\n<h2 id=\"keynote-speakers\">Keynote speakers<\/h2>\n\n\n\n<ul><li><strong>Aleida Assmann<\/strong> \u2013 University of Konstanz, Germany<\/li><li><strong>Mieke Bal<\/strong> \u2013 Amsterdam School for Cultural Analysis, Netherlands<\/li><li><strong>Boris Gasparov<\/strong> \u2013 Columbia University, USA<\/li><li><strong>Yuri Tsivian<\/strong> \u2013 The University of Chicago, USA<\/li><li><strong>Boris Uspenskij<\/strong> \u2013 National Research University Higher School of Economics, Russia<\/li><\/ul>\n\n\n\n<p><a href=\"https:\/\/jurilotman.ee\/en\/juri-lotman-100\/congress-2022\/keynote-speakers\/\">Read more about our keynote speakers<\/a>.<\/p>\n<\/div>\n\n\n\n<div class=\"wp-block-column\">\n<h2 id=\"deadlines\">Links<\/h2>\n\n\n\n<ul class=\"has-large-font-size\"><li><a href=\"https:\/\/jurilotman.ee\/en\/programme\/\" target=\"_blank\" rel=\"noreferrer noopener\">Programme and participation<\/a><\/li><li><a href=\"https:\/\/jurilotman.ee\/wp-content\/uploads\/2022\/02\/Abstracts_Congress_Juri_Lotmans_Semiosphere.pdf\" target=\"_blank\" rel=\"noreferrer noopener\">Book of Abstracts<\/a><\/li><li><a href=\"https:\/\/jurilotman.ee\/en\/toimumiskohad\/\" target=\"_blank\" rel=\"noreferrer noopener\">Venues<\/a><\/li><li><a href=\"https:\/\/jurilotman.ee\/en\/juri-lotman-100\/congress-2022\/travel-and-stay\/\" target=\"_blank\" rel=\"noreferrer noopener\">Travel and stay<\/a><\/li><li><a href=\"https:\/\/jurilotman.ee\/en\/juri-lotman-100\/congress-2022\/call-for-papers\/\" target=\"_blank\" rel=\"noreferrer noopener\">Call for papers<\/a><\/li><\/ul>\n<\/div>\n<\/div>\n\n\n\n<h2>Practical information<\/h2>\n\n\n\n<p>The congress &#8220;Juri Lotman&#8217;s semiosphere&#8221; takes place on-site in Tallinn and Tartu, as well as online on Worksup platform. Worksup is similar to TV broadcasting: online sessions can be accessed from congress page on the Worksup platform. There will also be a possibility to listen to the online panels in separate rooms at the congress venues in Tallinn and Tartu, allocated for streaming the online programme (see <a href=\"https:\/\/jurilotman.ee\/en\/programme\/\" target=\"_blank\" rel=\"noreferrer noopener\">programme<\/a>).<\/p>\n\n\n\n<p>During the congress, practical assistance is provided by:<\/p>\n\n\n\n<div class=\"spotlight pt-10 pb-8 px-6 pt-lg-16 pb-lg-14 px-lg-10\">\n<div class=\"wp-block-columns\">\n<div class=\"wp-block-column\">\n<h3 id=\"early-fee-until-14-november-2021\">ON-SITE practical help<\/h3>\n\n\n\n<ul><li>Sirli Peda<\/li><li><a href=\"mailto:congress2022logistics@tlu.ee\">congress2022logistics@tlu.ee<\/a><\/li><li>+372 588 70775<\/li><\/ul>\n<\/div>\n\n\n\n<div class=\"wp-block-column\">\n<h3 id=\"late-fee-from-15-november\">ONLINE IT help<\/h3>\n\n\n\n<ul><li>Anton Jegorov<\/li><li><a href=\"mailto:anton@videal.ee\">anton@videal.ee<\/a><\/li><li>+372 501 9187<\/li><\/ul>\n<\/div>\n<\/div>\n<\/div>\n\n\n\r\n<div class=\"featured-quote py-20 pt-md-30 pb-md-40 border-top border-bottom\">\r\n    <div class=\"container-lg\">\r\n        <div class=\"row\">\r\n            <div class=\"col-md-10 offset-md-1 col-xl-8 offset-xl-2 d-sm-flex align-items-start\">\r\n                <div class=\"featured-quote-img ratio ratio-1x1 overflow-hidden me-sm-4\">\r\n                    <img width=\"300\" height=\"300\" src=\"https:\/\/jurilotman.ee\/wp-content\/uploads\/2022\/01\/quote-img-300x300.jpg\" class=\"attachment-medium size-medium wp-post-image\" alt=\"\" loading=\"lazy\" srcset=\"https:\/\/jurilotman.ee\/wp-content\/uploads\/2022\/01\/quote-img-300x300.jpg 300w, https:\/\/jurilotman.ee\/wp-content\/uploads\/2022\/01\/quote-img-150x150.jpg 150w, https:\/\/jurilotman.ee\/wp-content\/uploads\/2022\/01\/quote-img.jpg 480w\" sizes=\"(max-width: 300px) 100vw, 300px\" \/>                <\/div>\r\n                <div class=\"featured-quote-content mt-sm-20\">\r\n                    <div class=\"ps-10 ps-sm-0\">\r\n                        <div class=\"lead\">Without the semiosphere, language not only does not function, it does not exist. The different substructures of the semiosphere are linked in their interaction and cannot function without the support of each other. This is the sense of semiosphere in the contemporary world, steadily expanding into space over the centuries, it has now taken on a global character, and includes within itself the call signs of satellites, the verse of poets and the cry of animals. The interdependence of these elements of the semiosphere is not metaphorical, but a reality.\u00a0<\/div>\r\n                                                    <div class=\"featured-quote-reference mt-4\"><p><strong>Juri Lotman<\/strong> &#8220;Semiosf\u00e4\u00e4rist&#8221;. Rmt: <em>Semiosf\u00e4\u00e4rist. <\/em>Tallinn: Vagabund 1999<\/p>\n<\/div>\r\n                                            <\/div>\r\n                <\/div>\r\n            <\/div>\r\n        <\/div>\r\n    <\/div>\r\n<\/div>\n\n\n<h2 id=\"for-further-information\">For further information<\/h2>\n\n\n\n<ul><li>Contact the conference secretary, <strong>Dr. Darja Dorving<\/strong>, <a href=\"mailto:darja.dorving@jurilotman.ee\" target=\"_blank\" rel=\"noreferrer noopener\">darja.dorving@jurilotman.ee<\/a><\/li><li>For logistical information (registration, conference fee, accommodation and travelling), please contact the <strong>Tallinn University Conference Centre<\/strong>: <a href=\"mailto:congress2022logistics@tlu.ee\" target=\"_blank\" rel=\"noreferrer noopener\">congress2022logistics@tlu.ee<\/a><\/li><li><a href=\"https:\/\/www.facebook.com\/events\/735757890393075\" target=\"_blank\" rel=\"noreferrer noopener\">Facebook event<\/a><\/li><\/ul>\n\n\n\n<h2 id=\"supporters\">Supporters<\/h2>\n\n\n\n<div class=\"wp-block-columns\">\n<div class=\"wp-block-column\" style=\"flex-basis:50%\">\n<p>The event is supported by the European Union, European Regional Development Fund (through Enterprise Estonia conference support grant).<\/p>\n\n\n\n<p>EAS project name: Congress &#8220;Juri Lotman\u2019s Semiosphere&#8221; 2022<\/p>\n\n\n\n<p>Total support: 27 145,49 EUR<\/p>\n<\/div>\n\n\n\n<div class=\"wp-block-column\" style=\"flex-basis:50%\">\n<figure class=\"wp-block-image size-full is-resized\"><img loading=\"lazy\" src=\"https:\/\/jurilotman.ee\/wp-content\/uploads\/2022\/02\/est-1-2.jpeg\" alt=\"\" class=\"wp-image-4433\" width=\"400\" height=\"96\"\/><\/figure>\n<\/div>\n<\/div>\n\n\n\n<p>Project goals: Congress &#8220;Juri Lotman\u2019s Semiosphere&#8221; 2022 will celebrate the centenary of the birth of Juri Lotman (1922\u20131993), renowned Russian-Estonian semiotician, literary scholar and cultural historian. The international interdisciplinary academic event is the most important output of celebrating Lotman\u2019s anniversary in 2022. The main aim of the congress is to promote Lotman\u2019s academic legacy worldwide and bring together an interdisciplinary network of researchers to create a dialogue between experts with different disciplinary backgrounds. The Congress confirms that the Estonian humanities continue to be among the leading European researchers and research centers. Please visit <a href=\"https:\/\/jurilotman.ee\/congress\/\" target=\"_blank\" rel=\"noreferrer noopener\">https:\/\/jurilotman.ee\/congress\/<\/a><\/p>\n\n\n\n<p>The event is organized in cooperation with the Tallinn University Centre of Excellence in Intercultural Studies and it is supported by the (European Union) European Regional Development Fund (Tallinn University\u2019s ASTRA project, TU TEE activity A7).<\/p>\n","protected":false},"excerpt":{"rendered":"<p>In 2022 we celebrate the centenary of the birth of Juri Lotman (28 February 1922), &hellip;<\/p>\n","protected":false},"author":1,"featured_media":0,"parent":2203,"menu_order":0,"comment_status":"closed","ping_status":"closed","template":"","meta":[],"acf":[],"_links":{"self":[{"href":"https:\/\/jurilotman.ee\/en\/wp-json\/wp\/v2\/pages\/2207"}],"collection":[{"href":"https:\/\/jurilotman.ee\/en\/wp-json\/wp\/v2\/pages"}],"about":[{"href":"https:\/\/jurilotman.ee\/en\/wp-json\/wp\/v2\/types\/page"}],"author":[{"embeddable":true,"href":"https:\/\/jurilotman.ee\/en\/wp-json\/wp\/v2\/users\/1"}],"replies":[{"embeddable":true,"href":"https:\/\/jurilotman.ee\/en\/wp-json\/wp\/v2\/comments?post=2207"}],"version-history":[{"count":5,"href":"https:\/\/jurilotman.ee\/en\/wp-json\/wp\/v2\/pages\/2207\/revisions"}],"predecessor-version":[{"id":6578,"href":"https:\/\/jurilotman.ee\/en\/wp-json\/wp\/v2\/pages\/2207\/revisions\/6578"}],"up":[{"embeddable":true,"href":"https:\/\/jurilotman.ee\/en\/wp-json\/wp\/v2\/pages\/2203"}],"wp:attachment":[{"href":"https:\/\/jurilotman.ee\/en\/wp-json\/wp\/v2\/media?parent=2207"}],"curies":[{"name":"wp","href":"https:\/\/api.w.org\/{rel}","templated":true}]}}