{"id":2216,"date":"2022-01-03T12:34:28","date_gmt":"2022-01-03T12:34:28","guid":{"rendered":"https:\/\/jurilotman.ee\/?page_id=2216"},"modified":"2022-02-23T13:36:26","modified_gmt":"2022-02-23T11:36:26","slug":"organisers","status":"publish","type":"page","link":"https:\/\/jurilotman.ee\/en\/juri-lotman-100\/organisers\/","title":{"rendered":"Organisers"},"content":{"rendered":"\n<p>The celebrations of Juri Lotman\u2019s 100th anniversary are organized by Estonian Semiotics Association, the Faculty of Arts and Humanities of the University of Tartu, the School of Humanities of the University of Tallinn, and the Juri Lotman Semiotics Repository.<\/p>\n\n\n\n<div class=\"wp-block-columns\">\n<div class=\"wp-block-column\">\n<div class=\"wp-block-columns\">\n<div class=\"wp-block-column\">\n<div class=\"wp-block-image\"><figure class=\"aligncenter size-full is-resized\"><img loading=\"lazy\" src=\"https:\/\/jurilotman.ee\/wp-content\/uploads\/2022\/02\/ess_logo.gif\" alt=\"\" class=\"wp-image-5444\" width=\"148\" height=\"108\"\/><\/figure><\/div>\n<\/div>\n\n\n\n<div class=\"wp-block-column\">\n<div class=\"wp-block-image\"><figure class=\"aligncenter size-full is-resized\"><img loading=\"lazy\" src=\"https:\/\/jurilotman.ee\/wp-content\/uploads\/2022\/02\/university-of-tartu-logo-300x300-1.png\" alt=\"\" class=\"wp-image-5447\" width=\"135\" height=\"135\" srcset=\"https:\/\/jurilotman.ee\/wp-content\/uploads\/2022\/02\/university-of-tartu-logo-300x300-1.png 300w, https:\/\/jurilotman.ee\/wp-content\/uploads\/2022\/02\/university-of-tartu-logo-300x300-1-150x150.png 150w\" sizes=\"(max-width: 135px) 100vw, 135px\" \/><\/figure><\/div>\n<\/div>\n<\/div>\n<\/div>\n\n\n\n<div class=\"wp-block-column\">\n<div class=\"wp-block-columns\">\n<div class=\"wp-block-column\">\n<div class=\"wp-block-image\"><figure class=\"aligncenter size-full\"><img loading=\"lazy\" width=\"887\" height=\"319\" src=\"https:\/\/jurilotman.ee\/wp-content\/uploads\/2022\/02\/TLU-logo-pilt-vrv-ing-suur.jpeg\" alt=\"\" class=\"wp-image-5450\" srcset=\"https:\/\/jurilotman.ee\/wp-content\/uploads\/2022\/02\/TLU-logo-pilt-vrv-ing-suur.jpeg 887w, https:\/\/jurilotman.ee\/wp-content\/uploads\/2022\/02\/TLU-logo-pilt-vrv-ing-suur-300x108.jpeg 300w, https:\/\/jurilotman.ee\/wp-content\/uploads\/2022\/02\/TLU-logo-pilt-vrv-ing-suur-768x276.jpeg 768w\" sizes=\"(max-width: 887px) 100vw, 887px\" \/><\/figure><\/div>\n<\/div>\n\n\n\n<div class=\"wp-block-column\">\n<div class=\"wp-block-image\"><figure class=\"aligncenter size-full\"><img loading=\"lazy\" width=\"887\" height=\"300\" src=\"https:\/\/jurilotman.ee\/wp-content\/uploads\/2022\/02\/pilt8.jpeg\" alt=\"\" class=\"wp-image-6239\" srcset=\"https:\/\/jurilotman.ee\/wp-content\/uploads\/2022\/02\/pilt8.jpeg 887w, https:\/\/jurilotman.ee\/wp-content\/uploads\/2022\/02\/pilt8-300x101.jpeg 300w, https:\/\/jurilotman.ee\/wp-content\/uploads\/2022\/02\/pilt8-768x260.jpeg 768w\" sizes=\"(max-width: 887px) 100vw, 887px\" \/><\/figure><\/div>\n<\/div>\n<\/div>\n<\/div>\n<\/div>\n\n\n\n<h2 id=\"juri-lotman-100-organizing-committee\">Juri Lotman 100 organizing committee<\/h2>\n\n\n\n<p>Darja Dorving (Juri Lotman Semiotics Repository)<br>Kaja Karo (University of Tartu)<br>Ljubov Kisseljova (University of Tartu)<br>Tatjana Kuzovkina (Juri Lotman Semiotics Repository)<br>Roman Leibov (University of Tartu)<br>Daniele Monticelli (University of Tallinn)<br>Merit Rickberg (Juri Lotman Semiotics Repository)<br>Maria-Kristiina Lotman (University of Tartu)<br>Rebekka Lotman (University of Tallinn)<br>Timo Maran (University of Tartu)<br>Katre P\u00e4rn (Estonian Semiotics Association)<br>Silvi Salupere (University of Tartu)<br>Tatjana Stepani\u0161t\u0161eva (University of Tartu)<br>Marek Tamm (University of Tallinn)<br>Peeter Torop (University of Tartu)<br>Ele Arder (University of Tallinn)<br>\u00dclo Valk (University of Tartu)<br>Rein Veidemann (University of Tallinn)<br>Andreas Ventsel (University of Tartu)<\/p>\n\n\n\n<p><\/p>\n\n\n\n<h2 id=\"media-and-communication-team\"><strong>Media and communication team:<\/strong><\/h2>\n\n\n\n<p>Anastassia Jermolajeva (University of Tartu)<br>Kaja Karo (University of Tartu)<br>Kristjan Karron (University of Tartu)<br>Mari-Liis Madisson (University of Tartu)<br>Alexandra Milyakina (University of Tartu)<br>Sander M\u00e4ndoja (University of Tartu)<br>Silver Rattasepp (University of Tartu)<br>Ivo Rull (Tallinn University)<br>Elli Marie Tragel (University of Tartu)<br>Merli Vajakas (Tallinn University)<\/p>\n","protected":false},"excerpt":{"rendered":"<p>The celebrations of Juri Lotman\u2019s 100th anniversary are organized by Estonian Semiotics Association, the Faculty &hellip;<\/p>\n","protected":false},"author":1,"featured_media":0,"parent":2203,"menu_order":0,"comment_status":"closed","ping_status":"closed","template":"","meta":[],"acf":[],"_links":{"self":[{"href":"https:\/\/jurilotman.ee\/en\/wp-json\/wp\/v2\/pages\/2216"}],"collection":[{"href":"https:\/\/jurilotman.ee\/en\/wp-json\/wp\/v2\/pages"}],"about":[{"href":"https:\/\/jurilotman.ee\/en\/wp-json\/wp\/v2\/types\/page"}],"author":[{"embeddable":true,"href":"https:\/\/jurilotman.ee\/en\/wp-json\/wp\/v2\/users\/1"}],"replies":[{"embeddable":true,"href":"https:\/\/jurilotman.ee\/en\/wp-json\/wp\/v2\/comments?post=2216"}],"version-history":[{"count":5,"href":"https:\/\/jurilotman.ee\/en\/wp-json\/wp\/v2\/pages\/2216\/revisions"}],"predecessor-version":[{"id":6242,"href":"https:\/\/jurilotman.ee\/en\/wp-json\/wp\/v2\/pages\/2216\/revisions\/6242"}],"up":[{"embeddable":true,"href":"https:\/\/jurilotman.ee\/en\/wp-json\/wp\/v2\/pages\/2203"}],"wp:attachment":[{"href":"https:\/\/jurilotman.ee\/en\/wp-json\/wp\/v2\/media?parent=2216"}],"curies":[{"name":"wp","href":"https:\/\/api.w.org\/{rel}","templated":true}]}}