{"id":2201,"date":"2022-01-03T11:20:21","date_gmt":"2022-01-03T11:20:21","guid":{"rendered":"https:\/\/jurilotman.ee\/tooelu\/"},"modified":"2022-02-14T12:22:36","modified_gmt":"2022-02-14T10:22:36","slug":"%d1%80%d0%b0%d0%b1%d0%be%d1%82%d0%b0","status":"publish","type":"page","link":"https:\/\/jurilotman.ee\/ru\/%d1%80%d0%b0%d0%b1%d0%be%d1%82%d0%b0\/","title":{"rendered":"\u0420\u0430\u0431\u043e\u0442\u0430"},"content":{"rendered":"\r\n<div class=\"subcategories position-relative py-16\">\r\n    <div class=\"subcategories-header container-lg position-relative\">\r\n        <div class=\"row\">\r\n            <div class=\"col-md-8\">\r\n                <h1 class=\"mb-2 text-white\">\u0420\u0430\u0431\u043e\u0442\u0430<\/h1>\r\n                <p class=\"lead mb-17 text-white\"><\/p>\r\n            <\/div>\r\n        <\/div>\r\n    <\/div>\r\n    <div class=\"subcategories-bg position-absolute top-0 end-0 bottom-0 start-0\">\r\n        <img class=\"w-100 h-100\" src=\"https:\/\/jurilotman.ee\/wp-content\/uploads\/2022\/01\/landing-page-cover.jpg\" alt=\"\">\r\n    <\/div>\r\n    <div class=\"subcategories-content container-fluid\">\r\n        <div class=\"row align-items-center justify-content-evenly\">\r\n                            <div class=\"col-xl-4 col-sm-6 col-12 subcategory-item position-relative pb-4\">\r\n                    <a class=\"item-card-link\" href=\"https:\/\/jurilotman.ee\/ru\/\u043a\u0430\u0442\u0435\u0433\u043e\u0440\u0438\u044f\/%d1%80%d0%b0%d0%b1%d0%be%d1%82%d0%b0\/%d0%ba%d0%b8%d0%bd%d0%be\/\"><\/a>\r\n                    <div class=\"subcategory-wrapper position-relative d-flex flex-column\">\r\n                        <div class=\"subcategory-img-wrapper ratio ratio-1x1\">\r\n                                                            <img src=\"https:\/\/jurilotman.ee\/wp-content\/uploads\/2022\/02\/film.jpg\" alt=\"\">\r\n                                                    <\/div>\r\n                        <div class=\"subcategory-title\">\r\n                            <h3 class=\"d-inline-block py-4 px-6\">\u041a\u0438\u043d\u043e<\/h3>\r\n                        <\/div>\r\n                    <\/div>\r\n                <\/div>\r\n                            <div class=\"col-xl-4 col-sm-6 col-12 subcategory-item position-relative pb-4\">\r\n                    <a class=\"item-card-link\" href=\"https:\/\/jurilotman.ee\/ru\/\u043a\u0430\u0442\u0435\u0433\u043e\u0440\u0438\u044f\/%d1%80%d0%b0%d0%b1%d0%be%d1%82%d0%b0\/%d1%8e%d0%bc%d0%be%d1%80\/\"><\/a>\r\n                    <div class=\"subcategory-wrapper position-relative d-flex flex-column\">\r\n                        <div class=\"subcategory-img-wrapper ratio ratio-1x1\">\r\n                                                            <img src=\"https:\/\/jurilotman.ee\/wp-content\/uploads\/2022\/02\/huumor.jpg\" alt=\"\">\r\n                                                    <\/div>\r\n                        <div class=\"subcategory-title\">\r\n                            <h3 class=\"d-inline-block py-4 px-6\">\u042e\u043c\u043e\u0440<\/h3>\r\n                        <\/div>\r\n                    <\/div>\r\n                <\/div>\r\n                            <div class=\"col-xl-4 col-sm-6 col-12 subcategory-item position-relative pb-4\">\r\n                    <a class=\"item-card-link\" href=\"https:\/\/jurilotman.ee\/ru\/\u043a\u0430\u0442\u0435\u0433\u043e\u0440\u0438\u044f\/%d1%80%d0%b0%d0%b1%d0%be%d1%82%d0%b0\/%d0%ba%d1%83%d0%bb%d1%8c%d1%82%d1%83%d1%80%d0%bd%d0%b0%d1%8f-%d1%81%d0%b5%d0%bc%d0%b8%d0%be%d1%82%d0%b8%d0%ba%d0%b0\/\"><\/a>\r\n                    <div class=\"subcategory-wrapper position-relative d-flex flex-column\">\r\n                        <div class=\"subcategory-img-wrapper ratio ratio-1x1\">\r\n                                                            <img src=\"https:\/\/jurilotman.ee\/wp-content\/uploads\/2022\/02\/kultuurisemiootika.jpg\" alt=\"\">\r\n                                                    <\/div>\r\n                        <div class=\"subcategory-title\">\r\n                            <h3 class=\"d-inline-block py-4 px-6\">\u041a\u0443\u043b\u044c\u0442\u0443\u0440\u043d\u0430\u044f \u0441\u0435\u043c\u0438\u043e\u0442\u0438\u043a\u0430<\/h3>\r\n                        <\/div>\r\n                    <\/div>\r\n                <\/div>\r\n                            <div class=\"col-xl-4 col-sm-6 col-12 subcategory-item position-relative pb-4\">\r\n                    <a class=\"item-card-link\" href=\"https:\/\/jurilotman.ee\/ru\/\u043a\u0430\u0442\u0435\u0433\u043e\u0440\u0438\u044f\/%d1%80%d0%b0%d0%b1%d0%be%d1%82%d0%b0\/%d0%bf%d0%be%d0%bb%d0%b8%d1%82%d0%b8%d0%ba%d0%b0-%d0%b8-%d0%bf%d0%be%d0%b2%d1%81%d0%b5%d0%b4%d0%bd%d0%b5%d0%b2%d0%bd%d0%b0%d1%8f-%d0%b6%d0%b8%d0%b7%d0%bd%d1%8c\/\"><\/a>\r\n                    <div class=\"subcategory-wrapper position-relative d-flex flex-column\">\r\n                        <div class=\"subcategory-img-wrapper ratio ratio-1x1\">\r\n                                                            <img src=\"https:\/\/jurilotman.ee\/wp-content\/uploads\/2022\/02\/poliitika-ja-argielu.jpg\" alt=\"\">\r\n                                                    <\/div>\r\n                        <div class=\"subcategory-title\">\r\n                            <h3 class=\"d-inline-block py-4 px-6\">\u041f\u043e\u043b\u0438\u0442\u0438\u043a\u0430 \u0438 \u043f\u043e\u0432\u0441\u0435\u0434\u043d\u0435\u0432\u043d\u0430\u044f \u0436\u0438\u0437\u043d\u044c<\/h3>\r\n                        <\/div>\r\n                    <\/div>\r\n                <\/div>\r\n                            <div class=\"col-xl-4 col-sm-6 col-12 subcategory-item position-relative pb-4\">\r\n                    <a class=\"item-card-link\" href=\"https:\/\/jurilotman.ee\/ru\/\u043a\u0430\u0442\u0435\u0433\u043e\u0440\u0438\u044f\/%d1%80%d0%b0%d0%b1%d0%be%d1%82%d0%b0\/%d0%bf%d1%83%d1%88%d0%ba%d0%b8%d0%bd\/\"><\/a>\r\n                    <div class=\"subcategory-wrapper position-relative d-flex flex-column\">\r\n                        <div class=\"subcategory-img-wrapper ratio ratio-1x1\">\r\n                                                            <img src=\"https:\/\/jurilotman.ee\/wp-content\/uploads\/2022\/02\/cover.jpg\" alt=\"\">\r\n                                                    <\/div>\r\n                        <div class=\"subcategory-title\">\r\n                            <h3 class=\"d-inline-block py-4 px-6\">\u041f\u0443\u0448\u043a\u0438\u043d<\/h3>\r\n                        <\/div>\r\n                    <\/div>\r\n                <\/div>\r\n                            <div class=\"col-xl-4 col-sm-6 col-12 subcategory-item position-relative pb-4\">\r\n                    <a class=\"item-card-link\" href=\"https:\/\/jurilotman.ee\/ru\/\u043a\u0430\u0442\u0435\u0433\u043e\u0440\u0438\u044f\/%d1%80%d0%b0%d0%b1%d0%be%d1%82%d0%b0\/%d0%be%d0%b1%d0%be%d0%b3%d0%b0%d1%89%d0%b5%d0%bd%d0%b8%d0%b5-%d0%bf%d0%b5%d1%80%d0%b8%d1%84%d0%b5%d1%80%d0%b8%d0%b8\/\"><\/a>\r\n                    <div class=\"subcategory-wrapper position-relative d-flex flex-column\">\r\n                        <div class=\"subcategory-img-wrapper ratio ratio-1x1\">\r\n                                                            <img src=\"https:\/\/jurilotman.ee\/wp-content\/uploads\/2022\/02\/rikastav-perifeeria.jpg\" alt=\"\">\r\n                                                    <\/div>\r\n                        <div class=\"subcategory-title\">\r\n                            <h3 class=\"d-inline-block py-4 px-6\">\u041e\u0431\u043e\u0433\u0430\u0449\u0435\u043d\u0438\u0435 \u043f\u0435\u0440\u0438\u0444\u0435\u0440\u0438\u0438<\/h3>\r\n                        <\/div>\r\n                    <\/div>\r\n                <\/div>\r\n                            <div class=\"col-xl-4 col-sm-6 col-12 subcategory-item position-relative pb-4\">\r\n                    <a class=\"item-card-link\" href=\"https:\/\/jurilotman.ee\/ru\/\u043a\u0430\u0442\u0435\u0433\u043e\u0440\u0438\u044f\/%d1%80%d0%b0%d0%b1%d0%be%d1%82%d0%b0\/%d1%82%d0%b0%d1%80%d1%82%d1%83-%d0%bc%d0%be%d1%81%d0%ba%d0%b2%d0%b0-%d1%88%d0%ba%d0%be%d0%bb%d0%b0\/\"><\/a>\r\n                    <div class=\"subcategory-wrapper position-relative d-flex flex-column\">\r\n                        <div class=\"subcategory-img-wrapper ratio ratio-1x1\">\r\n                                                            <img src=\"https:\/\/jurilotman.ee\/wp-content\/uploads\/2022\/02\/tartu-moskva-koolkond.jpg\" alt=\"\">\r\n                                                    <\/div>\r\n                        <div class=\"subcategory-title\">\r\n                            <h3 class=\"d-inline-block py-4 px-6\">\u0422\u0430\u0440\u0442\u0443-\u041c\u043e\u0441\u043a\u0432\u0430 \u0448\u043a\u043e\u043b\u0430<\/h3>\r\n                        <\/div>\r\n                    <\/div>\r\n                <\/div>\r\n                            <div class=\"col-xl-4 col-sm-6 col-12 subcategory-item position-relative pb-4\">\r\n                    <a class=\"item-card-link\" href=\"https:\/\/jurilotman.ee\/ru\/\u043a\u0430\u0442\u0435\u0433\u043e\u0440\u0438\u044f\/%d1%80%d0%b0%d0%b1%d0%be%d1%82%d0%b0\/%d0%b1%d0%b5%d1%81%d0%b5%d0%b4%d1%8b-%d0%be%d0%b1-%d0%b8%d1%81%d1%82%d0%be%d1%80%d0%b8%d0%b8-%d1%80%d1%83%d1%81%d1%81%d0%ba%d0%be%d0%b9-%d0%ba%d1%83%d0%bb%d1%8c%d1%82%d1%83%d1%80%d1%8b\/\"><\/a>\r\n                    <div class=\"subcategory-wrapper position-relative d-flex flex-column\">\r\n                        <div class=\"subcategory-img-wrapper ratio ratio-1x1\">\r\n                                                            <img src=\"https:\/\/jurilotman.ee\/wp-content\/uploads\/2022\/02\/vestlusi-vene-kultuuriloost.jpg\" alt=\"\">\r\n                                                    <\/div>\r\n                        <div class=\"subcategory-title\">\r\n                            <h3 class=\"d-inline-block py-4 px-6\">\u0411\u0435\u0441\u0435\u0434\u044b \u043e\u0431 \u0438\u0441\u0442\u043e\u0440\u0438\u0438 \u0440\u0443\u0441\u0441\u043a\u043e\u0439 \u043a\u0443\u043b\u044c\u0442\u0443\u0440\u044b<\/h3>\r\n                        <\/div>\r\n                    <\/div>\r\n                <\/div>\r\n                    <\/div>\r\n    <\/div>\r\n<\/div>\n\n\r\n<div class=\"featured-quote py-20 pt-md-30 pb-md-40 border-bottom\">\r\n    <div class=\"container-lg\">\r\n        <div class=\"row\">\r\n            <div class=\"col-md-10 offset-md-1 col-xl-8 offset-xl-2 d-sm-flex align-items-start\">\r\n                <div class=\"featured-quote-img ratio ratio-1x1 overflow-hidden me-sm-4\">\r\n                    <img width=\"300\" height=\"300\" src=\"https:\/\/jurilotman.ee\/wp-content\/uploads\/2022\/01\/quote-img-300x300.jpg\" class=\"attachment-medium size-medium wp-post-image\" alt=\"\" loading=\"lazy\" srcset=\"https:\/\/jurilotman.ee\/wp-content\/uploads\/2022\/01\/quote-img-300x300.jpg 300w, https:\/\/jurilotman.ee\/wp-content\/uploads\/2022\/01\/quote-img-150x150.jpg 150w, https:\/\/jurilotman.ee\/wp-content\/uploads\/2022\/01\/quote-img.jpg 480w\" sizes=\"(max-width: 300px) 100vw, 300px\" \/>                <\/div>\r\n                <div class=\"featured-quote-content mt-sm-20\">\r\n                    <div class=\"ps-10 ps-sm-0\">\r\n                        <div class=\"lead\">Selleks, et me saaksime suhelda, peame olema k\u00fcllalt sarnased. Kuid selleks, et meil oleks m\u00f5tet suhelda, peaksime olema k\u00fcllalt erinevad.<\/div>\r\n                                                    <div class=\"featured-quote-reference mt-4\"><p><strong>Juri Lotman<\/strong><\/p>\n<\/div>\r\n                                            <\/div>\r\n                <\/div>\r\n            <\/div>\r\n        <\/div>\r\n    <\/div>\r\n<\/div>\n\n","protected":false},"excerpt":{"rendered":"","protected":false},"author":1,"featured_media":0,"parent":0,"menu_order":0,"comment_status":"closed","ping_status":"closed","template":"","meta":[],"acf":[],"_links":{"self":[{"href":"https:\/\/jurilotman.ee\/ru\/wp-json\/wp\/v2\/pages\/2201"}],"collection":[{"href":"https:\/\/jurilotman.ee\/ru\/wp-json\/wp\/v2\/pages"}],"about":[{"href":"https:\/\/jurilotman.ee\/ru\/wp-json\/wp\/v2\/types\/page"}],"author":[{"embeddable":true,"href":"https:\/\/jurilotman.ee\/ru\/wp-json\/wp\/v2\/users\/1"}],"replies":[{"embeddable":true,"href":"https:\/\/jurilotman.ee\/ru\/wp-json\/wp\/v2\/comments?post=2201"}],"version-history":[{"count":4,"href":"https:\/\/jurilotman.ee\/ru\/wp-json\/wp\/v2\/pages\/2201\/revisions"}],"predecessor-version":[{"id":4975,"href":"https:\/\/jurilotman.ee\/ru\/wp-json\/wp\/v2\/pages\/2201\/revisions\/4975"}],"wp:attachment":[{"href":"https:\/\/jurilotman.ee\/ru\/wp-json\/wp\/v2\/media?parent=2201"}],"curies":[{"name":"wp","href":"https:\/\/api.w.org\/{rel}","templated":true}]}}