{"id":2247,"date":"2022-01-03T12:40:47","date_gmt":"2022-01-03T12:40:47","guid":{"rendered":"https:\/\/jurilotman.ee\/?page_id=2247"},"modified":"2022-02-25T10:04:41","modified_gmt":"2022-02-25T08:04:41","slug":"%d0%ba%d0%be%d0%bd%d0%b3%d1%80%d0%b5%d1%81%d1%81-2022","status":"publish","type":"page","link":"https:\/\/jurilotman.ee\/ru\/%d1%8e%d1%80%d0%b8%d0%b9-%d0%bb%d0%be%d1%82%d0%bc%d0%b0%d0%bd-100\/%d0%ba%d0%be%d0%bd%d0%b3%d1%80%d0%b5%d1%81%d1%81-2022\/","title":{"rendered":"\u041a\u043e\u043d\u0433\u0440\u0435\u0441\u0441 2022"},"content":{"rendered":"\n<div class=\"hero hero-split\"><div class=\"container-fluid\"><div class=\"row\"><div class=\"hero-content-wrapper col-md-6 d-flex align-items-center\"><div class=\"hero-content\">\n<h6 id=\"25-28-\u0444\u0435\u0432\u0440\u0430\u043b\u044c-2022\">25.-28. \u0444\u0435\u0432\u0440\u0430\u043b\u044c 2022<\/h6>\n\n\n\n<h1 id=\"\u043c\u0435\u0436\u0434\u0443\u043d\u0430\u0440\u043e\u0434\u043d\u044b\u0439-\u043a\u043e\u043d\u0433\u0440\u0435\u0441\u0441-c\u0435\u043c\u0438\u043e\u0441\u0444\u0435\u0440\u0430-\u043b\u043e\u0442\u043c\u0430\u043d\u0430\">\u041c\u0435\u0436\u0434\u0443\u043d\u0430\u0440\u043e\u0434\u043d\u044b\u0439 \u043a\u043e\u043d\u0433\u0440\u0435\u0441\u0441 \u201cC\u0435\u043c\u0438\u043e\u0441\u0444\u0435\u0440\u0430 \u041b\u043e\u0442\u043c\u0430\u043d\u0430\u201d<\/h1>\n\n\n\n<p class=\"has-large-font-size\">\u041c\u0435\u0436\u0434\u0443\u043d\u0430\u0440\u043e\u0434\u043d\u044b\u0439 \u043a\u043e\u043d\u0433\u0440\u0435\u0441\u0441 \u00ab\u0421\u0435\u043c\u0438\u043e\u0441\u0444\u0435\u0440\u0430 \u041b\u043e\u0442\u043c\u0430\u043d\u0430\u00bb 25\u201328 \u0444\u0435\u0432\u0440\u0430\u043b\u044f 2022 \u0433\u043e\u0434\u0430 \u0432 \u0422\u0430\u043b\u043b\u0438\u043d\u043d\u0441\u043a\u043e\u043c \u0438 \u0432 \u0422\u0430\u0440\u0442\u0443\u0441\u043a\u043e\u043c \u0443\u043d\u0438\u0432\u0435\u0440\u0441\u0438\u0442\u0435\u0442\u0435.<\/p>\n\n\n\n<div class=\"wp-container-1 wp-block-buttons\">\n<div class=\"wp-block-button\"><a class=\"wp-block-button__link\" href=\"https:\/\/jurilotman.ee\/ru\/\u043f\u0440\u043e\u0433\u0440\u0430\u043c\u043c\u0430-\u0438-\u0443\u0447\u0430\u0441\u0442\u0438\u0435\/\" target=\"_blank\" rel=\"noreferrer noopener\">\u041f\u0440\u043e\u0433\u0440\u0430\u043c\u043c\u0430<\/a><\/div>\n\n\n\n<div class=\"wp-block-button\"><a class=\"wp-block-button__link\" href=\"https:\/\/jurilotman.ee\/wp-content\/uploads\/2022\/02\/Abstracts_Congress_Juri_Lotmans_Semiosphere.pdf\" target=\"_blank\" rel=\"noreferrer noopener\">\u0422\u0435\u0437\u0438\u0441\u044b<\/a><\/div>\n<\/div>\n<\/div><\/div><div class=\"hero-img-wrapper col-md-6 d-flex align-items-center\"><figure class=\"hero-img ratio ratio-3x2 m-0\"><img loading=\"lazy\" src=\"https:\/\/jurilotman.ee\/wp-content\/uploads\/2022\/02\/lotman_painting2.jpg\" alt=\"\" class=\"wp-image-5353 w-100 h-100\" width=\"1600\" height=\"885\" srcset=\"https:\/\/jurilotman.ee\/wp-content\/uploads\/2022\/02\/lotman_painting2.jpg 1600w, https:\/\/jurilotman.ee\/wp-content\/uploads\/2022\/02\/lotman_painting2-300x166.jpg 300w, https:\/\/jurilotman.ee\/wp-content\/uploads\/2022\/02\/lotman_painting2-1024x566.jpg 1024w, https:\/\/jurilotman.ee\/wp-content\/uploads\/2022\/02\/lotman_painting2-768x425.jpg 768w, https:\/\/jurilotman.ee\/wp-content\/uploads\/2022\/02\/lotman_painting2-1536x850.jpg 1536w, https:\/\/jurilotman.ee\/wp-content\/uploads\/2022\/02\/lotman_painting2-1344x743.jpg 1344w\" sizes=\"(max-width: 1600px) 100vw, 1600px\" \/><\/figure><\/div><\/div><\/div><\/div>\n\n\n\n<p>\u0412 2022 \u0433\u043e\u0434\u0443 \u0438\u0441\u043f\u043e\u043b\u043d\u044f\u0435\u0442\u0441\u044f 100 \u043b\u0435\u0442 \u0441\u043e \u0434\u043d\u044f \u0440\u043e\u0436\u0434\u0435\u043d\u0438\u044f \u042e\u0440\u0438\u044f \u041c\u0438\u0445\u0430\u0439\u043b\u043e\u0432\u0438\u0447\u0430 \u041b\u043e\u0442\u043c\u0430\u043d\u0430 (28 \u0444\u0435\u0432\u0440\u0430\u043b\u044f 1922 \u0433\u043e\u0434\u0430). \u0412 \u043e\u0437\u043d\u0430\u043c\u0435\u043d\u043e\u0432\u0430\u043d\u0438\u0435 \u044d\u0442\u043e\u0433\u043e \u0441\u043e\u0431\u044b\u0442\u0438\u044f \u0422\u0430\u0440\u0442\u0443\u0441\u043a\u0438\u0439 \u0443\u043d\u0438\u0432\u0435\u0440\u0441\u0438\u0442\u0435\u0442, \u0422\u0430\u043b\u043b\u0438\u043d\u043d\u0441\u043a\u0438\u0439 \u0443\u043d\u0438\u0432\u0435\u0440\u0441\u0438\u0442\u0435\u0442, \u041b\u043e\u0442\u043c\u0430\u043d\u043e\u0432\u0441\u043a\u0438\u0439 \u0430\u0440\u0445\u0438\u0432 \u0422\u0430\u043b\u043b\u0438\u043d\u043d\u0441\u043a\u043e\u0433\u043e \u0443\u043d\u0438\u0432\u0435\u0440\u0441\u0438\u0442\u0435\u0442\u0430 \u0438 \u042d\u0441\u0442\u043e\u043d\u0441\u043a\u043e\u0435 \u0441\u0435\u043c\u0438\u043e\u0442\u0438\u0447\u0435\u0441\u043a\u043e\u0435 \u043e\u0431\u0449\u0435\u0441\u0442\u0432\u043e \u043f\u0440\u043e\u0432\u043e\u0434\u044f\u0442 \u043c\u0435\u0436\u0434\u0443\u043d\u0430\u0440\u043e\u0434\u043d\u044b\u0439 \u043a\u043e\u043d\u0433\u0440\u0435\u0441\u0441 \u00ab\u0421\u0435\u043c\u0438\u043e\u0441\u0444\u0435\u0440\u0430 \u041b\u043e\u0442\u043c\u0430\u043d\u0430\u00bb.<\/p>\n\n\n\n<p>\u0420\u0430\u0431\u043e\u0447\u0438\u0435 \u044f\u0437\u044b\u043a\u0438 \u043a\u043e\u043d\u0433\u0440\u0435\u0441\u0441\u0430 \u2013 \u0430\u043d\u0433\u043b\u0438\u0439\u0441\u043a\u0438\u0439 \u0438 \u0440\u0443\u0441\u0441\u043a\u0438\u0439.<\/p>\n\n\n\n<p>\u041a\u043e\u043d\u0433\u0440\u0435\u0441\u0441 \u043d\u0430\u0447\u043d\u0435\u0442 \u0441\u0432\u043e\u044e \u0440\u0430\u0431\u043e\u0442\u0443 25. \u2013 26. \u0444\u0435\u0432\u0440\u0430\u043b\u044f 2022 \u0433\u043e\u0434\u0430 \u0432 \u0422\u0430\u043b\u043b\u0438\u043d\u043d\u0441\u043a\u043e\u043c \u0443\u043d\u0438\u0432\u0435\u0440\u0441\u0438\u0442\u0435\u0442\u0435 \u0438 \u043f\u0440\u043e\u0434\u043e\u043b\u0436\u0438\u0442\u0441\u044f 27. \u2013 28. \u0444\u0435\u0432\u0440\u0430\u043b\u044f 2022 \u0433\u043e\u0434\u0430 \u0432 \u0422\u0430\u0440\u0442\u0443\u0441\u043a\u043e\u043c \u0443\u043d\u0438\u0432\u0435\u0440\u0441\u0438\u0442\u0435\u0442\u0435.<\/p>\n\n\n\n<div class=\"wp-block-columns\">\n<div class=\"wp-block-column\">\n<h2 id=\"\u043f\u043b\u0435\u043d\u0430\u0440\u043d\u044b\u0435-\u0434\u043e\u043a\u043b\u0430\u0434\u0447\u0438\u043a\u0438\">\u041f\u043b\u0435\u043d\u0430\u0440\u043d\u044b\u0435 \u0434\u043e\u043a\u043b\u0430\u0434\u0447\u0438\u043a\u0438<\/h2>\n\n\n\n<ul><li><strong>\u0410\u043b\u0435\u0439\u0434\u0430 \u0410\u0441\u0441\u043c\u0430\u043d<\/strong> &#8212; \u041a\u043e\u043d\u0441\u0442\u0430\u043d\u0446\u0441\u043a\u0438\u0439 \u0443\u043d\u0438\u0432\u0435\u0440\u0441\u0438\u0442\u0435\u0442<\/li><li><strong>\u041c\u0438\u043a\u0435 \u0411\u0430\u043b\u044c<\/strong> &#8212; \u0410\u043c\u0441\u0442\u0435\u0440\u0434\u0430\u043c\u0441\u043a\u0430\u044f \u0448\u043a\u043e\u043b\u0430 \u0438\u0441\u0441\u043b\u0435\u0434\u043e\u0432\u0430\u043d\u0438\u044f \u043a\u0443\u043b\u044c\u0442\u0443\u0440\u044b<\/li><li><strong>\u0411\u043e\u0440\u0438\u0441 \u0413\u0430\u0441\u043f\u0430\u0440\u043e\u0432<\/strong> &#8212; \u041a\u043e\u043b\u0443\u043c\u0431\u0438\u0439\u0441\u043a\u0438\u0439 \u0443\u043d\u0438\u0432\u0435\u0440\u0441\u0438\u0442\u0435\u0442<\/li><li><strong>\u042e\u0440\u0438\u0439 \u0426\u0438\u0432\u044c\u044f\u043d<\/strong> &#8212; \u0427\u0438\u043a\u0430\u0433\u0441\u043a\u0438\u0439 \u0443\u043d\u0438\u0432\u0435\u0440\u0441\u0438\u0442\u0435\u0442<\/li><li><strong>\u0411\u043e\u0440\u0438\u0441 \u0423\u0441\u043f\u0435\u043d\u0441\u043a\u0438\u0439<\/strong> &#8212; \u041d\u0430\u0446\u0438\u043e\u043d\u0430\u043b\u044c\u043d\u044b\u0439 \u0438\u0441\u0441\u043b\u0435\u0434\u043e\u0432\u0430\u0442\u0435\u043b\u044c\u0441\u043a\u0438\u0439 \u0443\u043d\u0438\u0432\u0435\u0440\u0441\u0438\u0442\u0435\u0442 \u00ab\u0412\u044b\u0441\u0448\u0430\u044f \u0448\u043a\u043e\u043b\u0430 \u044d\u043a\u043e\u043d\u043e\u043c\u0438\u043a\u0438\u00bb<\/li><\/ul>\n\n\n\n<p><a href=\"https:\/\/jurilotman.ee\/ru\/\u044e\u0440\u0438\u0439-\u043b\u043e\u0442\u043c\u0430\u043d-100\/\u043a\u043e\u043d\u0433\u0440\u0435\u0441\u0441-2022\/\u043f\u043b\u0435\u043d\u0430\u0440\u043d\u044b\u0435-\u0434\u043e\u043a\u043b\u0430\u0434\u0447\u0438\u043a\u0438\/\">\u0418\u043d\u0444\u043e\u0440\u043c\u0430\u0446\u0438\u044f \u043e&nbsp;\u043f\u043b\u0435\u043d\u0430\u0440\u043d\u044b\u0445 \u0434\u043e\u043a\u043b\u0430\u0434\u0447\u0438\u043a\u0430\u0445<\/a><\/p>\n<\/div>\n\n\n\n<div class=\"wp-block-column\">\n<h2 id=\"\u0441\u0440\u043e\u043a\u0438\">\u0412\u0430\u0436\u043d\u043e\u0435<\/h2>\n\n\n\n<div style=\"height:36px\" aria-hidden=\"true\" class=\"wp-block-spacer\"><\/div>\n\n\n\n<ul class=\"has-large-font-size\"><li><a href=\"https:\/\/jurilotman.ee\/ru\/\u043f\u0440\u043e\u0433\u0440\u0430\u043c\u043c\u0430-\u0438-\u0443\u0447\u0430\u0441\u0442\u0438\u0435\/\" target=\"_blank\" rel=\"noreferrer noopener\">\u041f\u0440\u043e\u0433\u0440\u0430\u043c\u043c\u0430 \u0438 \u0443\u0447\u0430\u0441\u0442\u0438\u0435<\/a><\/li><li><a href=\"https:\/\/jurilotman.ee\/wp-content\/uploads\/2022\/02\/Abstracts_Congress_Juri_Lotmans_Semiosphere.pdf\" target=\"_blank\" rel=\"noreferrer noopener\">\u0422\u0435\u0437\u0438\u0441\u044b<\/a><\/li><li><a href=\"https:\/\/jurilotman.ee\/ru\/\u043c\u0435\u0441\u0442\u0430\/\" target=\"_blank\" rel=\"noreferrer noopener\">\u041c\u0435\u0441\u0442\u0430 \u043f\u0440\u043e\u0432\u0435\u0434\u0435\u043d\u0438\u044f<\/a><\/li><li><a href=\"https:\/\/jurilotman.ee\/ru\/\u044e\u0440\u0438\u0439-\u043b\u043e\u0442\u043c\u0430\u043d-100\/\u043a\u043e\u043d\u0433\u0440\u0435\u0441\u0441-2022\/\u0442\u0440\u0430\u043d\u0441\u043f\u043e\u0440\u0442-\u0438-\u043f\u0440\u043e\u0436\u0438\u0432\u0430\u043d\u0438\u0435\/\" target=\"_blank\" rel=\"noreferrer noopener\">\u0422\u0440\u0430\u043d\u0441\u043f\u043e\u0440\u0442 \u0438 \u043f\u0440\u043e\u0436\u0438\u0432\u0430\u043d\u0438\u0435<\/a><\/li><li><a href=\"https:\/\/jurilotman.ee\/ru\/\u044e\u0440\u0438\u0439-\u043b\u043e\u0442\u043c\u0430\u043d-100\/\u043a\u043e\u043d\u0433\u0440\u0435\u0441\u0441-2022\/\u043f\u0440\u0438\u0433\u043b\u0430\u0448\u0435\u043d\u0438\u0435-\u043d\u0430-\u043a\u043e\u043d\u0433\u0440\u0435\u0441\u0441\/\" target=\"_blank\" rel=\"noreferrer noopener\">\u041f\u0440\u0438\u0433\u043b\u0430\u0448\u0435\u043d\u0438\u0435 \u043d\u0430 \u043a\u043e\u043d\u0433\u0440\u0435\u0441\u0441<\/a><\/li><\/ul>\n<\/div>\n<\/div>\n\n\n\n<h2>\u041f\u0440\u0430\u043a\u0442\u0438\u0447\u0435\u0441\u043a\u0430\u044f \u0438\u043d\u0444\u043e\u0440\u043c\u0430\u0446\u0438\u044f<\/h2>\n\n\n\n<p><\/p>\n\n\n\n<p>\u0412\u043e\u043f\u0440\u043e\u0441\u044b \u043f\u0440\u0430\u043a\u0442\u0438\u0447\u0435\u0441\u043a\u043e\u0433\u043e \u0445\u0430\u0440\u0430\u043a\u0442\u0435\u0440\u0430:<\/p>\n\n\n\n<div class=\"spotlight pt-10 pb-8 px-6 pt-lg-16 pb-lg-14 px-lg-10\">\n<div class=\"wp-block-columns\">\n<div class=\"wp-block-column\">\n<h3 id=\"early-fee-until-14-november-2021\">\u0414\u041b\u042f \u0422\u0415\u0425, \u041a\u0422\u041e \u041d\u0410 \u041c\u0415\u0421\u0422\u0415<\/h3>\n\n\n\n<ul><li>Sirli Peda<\/li><li><a href=\"mailto:congress2022logistics@tlu.ee\">congress2022logistics@tlu.ee<\/a><\/li><li>+372 588 70775<\/li><\/ul>\n<\/div>\n\n\n\n<div class=\"wp-block-column\">\n<h3 id=\"late-fee-from-15-november\">\u041f\u041e\u041c\u041e\u0429\u042c \u0421 \u041e\u041d\u041b\u0410\u0419\u041d-\u041f\u041b\u041e\u0429\u0410\u0414\u041a\u041e\u0419<\/h3>\n\n\n\n<ul><li>Anton Jegorov<\/li><li><a href=\"mailto:anton@videal.ee\">anton@videal.ee<\/a><\/li><li>+372 501 9187<\/li><\/ul>\n<\/div>\n<\/div>\n<\/div>\n\n\n\r\n<div class=\"featured-quote py-20 pt-md-30 pb-md-40 border-top border-bottom\">\r\n    <div class=\"container-lg\">\r\n        <div class=\"row\">\r\n            <div class=\"col-md-10 offset-md-1 col-xl-8 offset-xl-2 d-sm-flex align-items-start\">\r\n                <div class=\"featured-quote-img ratio ratio-1x1 overflow-hidden me-sm-4\">\r\n                    <img width=\"300\" height=\"300\" src=\"https:\/\/jurilotman.ee\/wp-content\/uploads\/2022\/01\/quote-img-300x300.jpg\" class=\"attachment-medium size-medium wp-post-image\" alt=\"\" loading=\"lazy\" srcset=\"https:\/\/jurilotman.ee\/wp-content\/uploads\/2022\/01\/quote-img-300x300.jpg 300w, https:\/\/jurilotman.ee\/wp-content\/uploads\/2022\/01\/quote-img-150x150.jpg 150w, https:\/\/jurilotman.ee\/wp-content\/uploads\/2022\/01\/quote-img.jpg 480w\" sizes=\"(max-width: 300px) 100vw, 300px\" \/>                <\/div>\r\n                <div class=\"featured-quote-content mt-sm-20\">\r\n                    <div class=\"ps-10 ps-sm-0\">\r\n                        <div class=\"lead\">\u0411\u0435\u0437 \u0441\u0435\u043c\u0438\u043e\u0441\u0444\u0435\u0440\u044b \u044f\u0437\u044b\u043a \u043d\u0435 \u0442\u043e\u043b\u044c\u043a\u043e \u043d\u0435 \u0440\u0430\u0431\u043e\u0442\u0430\u0435\u0442, \u043d\u043e \u0438 \u043d\u0435 \u0441\u0443\u0449\u0435\u0441\u0442\u0432\u0443\u0435\u0442. \u0420\u0430\u0437\u043b\u0438\u0447\u043d\u044b\u0435 \u0441\u0443\u0431\u0441\u0442\u0440\u0443\u043a\u0442\u0443\u0440\u044b \u0441\u0435\u043c\u0438\u043e\u0441\u0444\u0435\u0440\u044b \u0441\u0432\u044f\u0437\u0430\u043d\u044b \u0432\u043e \u0432\u0437\u0430\u0438\u043c\u043e\u0434\u0435\u0439\u0441\u0442\u0432\u0438\u0438 \u0438 \u043d\u0435 \u043c\u043e\u0433\u0443\u0442 \u0440\u0430\u0431\u043e\u0442\u0430\u0442\u044c \u0431\u0435\u0437 \u043e\u043f\u043e\u0440\u044b \u0434\u0440\u0443\u0433 \u043d\u0430 \u0434\u0440\u0443\u0433\u0430. \u0412 \u044d\u0442\u043e\u043c \u0441\u043c\u044b\u0441\u043b\u0435 \u0441\u0435\u043c\u0438\u043e\u0441\u0444\u0435\u0440\u0430 \u0441\u043e\u0432\u0440\u0435\u043c\u0435\u043d\u043d\u043e\u0433\u043e \u043c\u0438\u0440\u0430, \u043a\u043e\u0442\u043e\u0440\u0430\u044f, \u043d\u0435\u0443\u043a\u043b\u043e\u043d\u043d\u043e \u0440\u0430\u0441\u0448\u0438\u0440\u044f\u044f\u0441\u044c \u0432 \u043f\u0440\u043e\u0441\u0442\u0440\u0430\u043d\u0441\u0442\u0432\u0435 \u043d\u0430 \u043f\u0440\u043e\u0442\u044f\u0436\u0435\u043d\u0438\u0438 \u0432\u0435\u043a\u043e\u0432, \u043f\u0440\u0438\u043d\u044f\u043b\u0430 \u043d\u044b\u043d\u0435 \u0433\u043b\u043e\u0431\u0430\u043b\u044c\u043d\u044b\u0439 \u0445\u0430\u0440\u0430\u043a\u0442\u0435\u0440, \u0432\u043a\u043b\u044e\u0447\u0430\u0435\u0442 \u0432 \u0441\u0435\u0431\u044f \u0438 \u043f\u043e\u0437\u044b\u0432\u043d\u044b\u0435 \u0441\u043f\u0443\u0442\u043d\u0438\u043a\u043e\u0432, \u0438 \u0441\u0442\u0438\u0445\u0438 \u043f\u043e\u044d\u0442\u043e\u0432, \u0438 \u043a\u0440\u0438\u043a\u0438 \u0436\u0438\u0432\u043e\u0442\u043d\u044b\u0445. \u0412\u0437\u0430\u0438\u043c\u043e\u0441\u0432\u044f\u0437\u044c \u0432\u0441\u0435\u0445 \u044d\u043b\u0435\u043c\u0435\u043d\u0442\u043e\u0432 \u0441\u0435\u043c\u0438\u043e\u0442\u0438\u0447\u0435\u0441\u043a\u043e\u0433\u043e \u043f\u0440\u043e\u0441\u0442\u0440\u0430\u043d\u0441\u0442\u0432\u0430 \u043d\u0435 \u043c\u0435\u0442\u0430\u0444\u043e\u0440\u0430, \u0430 \u0440\u0435\u0430\u043b\u044c\u043d\u043e\u0441\u0442\u044c.<\/div>\r\n                                                    <div class=\"featured-quote-reference mt-4\"><p><strong>Juri Lotman<\/strong> &#171;Semiosf\u00e4\u00e4rist&#187;. Rmt: <em>Semiosf\u00e4\u00e4rist. <\/em>Tallinn: Vagabund 1999.<\/p>\n<\/div>\r\n                                            <\/div>\r\n                <\/div>\r\n            <\/div>\r\n        <\/div>\r\n    <\/div>\r\n<\/div>\n\n\n<h2 id=\"\u0438\u043d\u0444\u043e\u0440\u043c\u0430\u0446\u0438\u044f\">\u0418\u043d\u0444\u043e\u0440\u043c\u0430\u0446\u0438\u044f<\/h2>\n\n\n\n<ul><li>\u0414\u043e\u043f\u043e\u043b\u043d\u0438\u0442\u0435\u043b\u044c\u043d\u0443\u044e \u0438\u043d\u0444\u043e\u0440\u043c\u0430\u0446\u0438\u044e \u043c\u043e\u0436\u043d\u043e \u043f\u043e\u043b\u0443\u0447\u0438\u0442\u044c, \u043e\u0431\u0440\u0430\u0442\u0438\u0432\u0448\u0438\u0441\u044c \u043a \u0441\u0435\u043a\u0440\u0435\u0442\u0430\u0440\u044e \u043a\u043e\u043d\u0433\u0440\u0435\u0441\u0441\u0430 \u0434-\u0440\u0443 <strong>\u0414\u0430\u0440\u044c\u0435 \u0414\u043e\u0440\u0432\u0438\u043d\u0433<\/strong>, <a href=\"mailto:darja.dorving@jurilotman.ee\" target=\"_blank\" rel=\"noreferrer noopener\">darja.dorving@jurilotman.ee<\/a><\/li><li>\u0414\u043b\u044f \u043f\u043e\u043b\u0443\u0447\u0435\u043d\u0438\u044f \u0438\u043d\u0444\u043e\u0440\u043c\u0430\u0446\u0438\u0438, \u043a\u0430\u0441\u0430\u044e\u0449\u0435\u0439\u0441\u044f \u043e\u0440\u0433\u0430\u043d\u0438\u0437\u0430\u0446\u0438\u043e\u043d\u043d\u043e\u0439 \u0447\u0430\u0441\u0442\u0438 \u043a\u043e\u043d\u0444\u0435\u0440\u0435\u043d\u0446\u0438\u0438 (\u0440\u0435\u0433\u0438\u0441\u0442\u0440\u0430\u0446\u0438\u044f, \u043e\u043f\u043b\u0430\u0442\u0430 \u043e\u0440\u0433\u0430\u043d\u0438\u0437\u0430\u0446\u0438\u043e\u043d\u043d\u043e\u0433\u043e \u0432\u0437\u043d\u043e\u0441\u0430, \u043f\u0440\u043e\u0436\u0438\u0432\u0430\u043d\u0438\u0435 \u0438 \u043f\u0440\u043e\u0435\u0437\u0434), \u043f\u043e\u0436\u0430\u043b\u0443\u0439\u0441\u0442\u0430, \u0441\u0432\u044f\u0436\u0438\u0442\u0435\u0441\u044c \u0441 <strong>\u041a\u043e\u043d\u0444\u0435\u0440\u0435\u043d\u0446\u0438\u043e\u043d\u043d\u044b\u043c \u0446\u0435\u043d\u0442\u0440\u043e\u043c \u0422\u0430\u043b\u043b\u0438\u043d\u043d\u0441\u043a\u043e\u0433\u043e \u0443\u043d\u0438\u0432\u0435\u0440\u0441\u0438\u0442\u0435\u0442\u0430<\/strong> \u043f\u043e \u0430\u0434\u0440\u0435\u0441\u0443, <a href=\"mailto:congress2022logistics@tlu.ee\" target=\"_blank\" rel=\"noreferrer noopener\">congress2022logistics@tlu.ee<\/a><\/li><li><a href=\"https:\/\/www.facebook.com\/events\/735757890393075\" target=\"_blank\" rel=\"noreferrer noopener\">\u041c\u0435\u0440\u043e\u043f\u0440\u0438\u044f\u0442\u0438\u0435 \u0432 Facebook<\/a><\/li><\/ul>\n\n\n\n<h2 id=\"\u043f\u043e\u0434\u0434\u0435\u0440\u0436\u043a\u0430\">\u041f\u043e\u0434\u0434\u0435\u0440\u0436\u043a\u0430<\/h2>\n\n\n\n<div class=\"wp-block-columns\">\n<div class=\"wp-block-column\" style=\"flex-basis:50%\">\n<p>\u041a\u043e\u043d\u0433\u0440\u0435\u0441\u0441 \u043f\u0440\u043e\u0432\u043e\u0434\u0438\u0442\u0441\u044f \u043f\u0440\u0438 \u043f\u043e\u0434\u0434\u0435\u0440\u0436\u043a\u0435 \u0446\u0435\u043b\u0435\u0432\u043e\u0433\u043e \u0443\u0447\u0440\u0435\u0436\u0434\u0435\u043d\u0438\u044f \u0440\u0430\u0437\u0432\u0438\u0442\u0438\u044f \u043f\u0440\u0435\u0434\u043f\u0440\u0438\u043d\u0438\u043c\u0430\u0442\u0435\u043b\u044c\u0441\u0442\u0432\u0430 (EAS) \u0438 \u0415\u0432\u0440\u043e\u043f\u0435\u0439\u0441\u043a\u043e\u0433\u043e \u0441\u043e\u044e\u0437\u0430 \u0432 \u0440\u0430\u043c\u043a\u0430\u0445 \u0415\u0432\u0440\u043e\u043f\u0435\u0439\u0441\u043a\u043e\u0433\u043e \u0444\u043e\u043d\u0434\u0430 \u0440\u0435\u0433\u0438\u043e\u043d\u0430\u043b\u044c\u043d\u043e\u0433\u043e \u0440\u0430\u0437\u0432\u0438\u0442\u0438\u044f (\u0441\u0442\u0438\u043f\u0435\u043d\u0434\u0438\u044f EAS \u0434\u043b\u044f \u043f\u0440\u043e\u0432\u0435\u0434\u0435\u043d\u0438\u044f \u043c\u0435\u0436\u0434\u0443\u043d\u0430\u0440\u043e\u0434\u043d\u044b\u0445 \u043a\u043e\u043d\u0444\u0435\u0440\u0435\u043d\u0446\u0438\u0439).<\/p>\n\n\n\n<p>\u041d\u0430\u0437\u0432\u0430\u043d\u0438\u0435 \u043f\u0440\u043e\u0435\u043a\u0442\u0430 EAS: \u043c\u0435\u0436\u0434\u0443\u043d\u0430\u0440\u043e\u0434\u043d\u044b\u0439 \u043a\u043e\u043d\u0433\u0440\u0435\u0441\u0441 \u00ab\u0421\u0435\u043c\u0438\u043e\u0441\u0444\u0435\u0440\u0430 \u042e\u0440\u0438\u044f \u041b\u043e\u0442\u043c\u0430\u043d\u0430\u00bb 2022.<\/p>\n\n\n\n<p>\u0421\u0443\u043c\u043c\u0430 \u0444\u0438\u043d\u0430\u043d\u0441\u0438\u0440\u043e\u0432\u0430\u043d\u0438\u044f: 27 145,49 \u0435\u0432\u0440\u043e.<\/p>\n<\/div>\n\n\n\n<div class=\"wp-block-column\" style=\"flex-basis:50%\">\n<figure class=\"wp-block-image size-full is-resized\"><img loading=\"lazy\" src=\"https:\/\/jurilotman.ee\/wp-content\/uploads\/2022\/02\/est-1-2.jpeg\" alt=\"\" class=\"wp-image-4434\" width=\"400\" height=\"96\"\/><\/figure>\n<\/div>\n<\/div>\n\n\n\n<p>\u0426\u0435\u043b\u044c \u043f\u0440\u043e\u0435\u043a\u0442\u0430: \u043f\u0440\u043e\u0432\u0435\u0434\u0435\u043d\u0438\u0435 \u043c\u0435\u0436\u0434\u0443\u043d\u0430\u0440\u043e\u0434\u043d\u043e\u0433\u043e \u043a\u043e\u043d\u0433\u0440\u0435\u0441\u0441\u0430 \u00ab\u0421\u0435\u043c\u0438\u043e\u0441\u0444\u0435\u0440\u0430 \u042e\u0440\u0438\u044f \u041b\u043e\u0442\u043c\u0430\u043d\u0430\u00bb (24.02 \u2014 01.03. 2022).&nbsp;\u0412 2022 \u0433\u043e\u0434\u0443 \u043e\u0442\u043c\u0435\u0447\u0430\u0435\u0442\u0441\u044f \u0441\u0442\u043e \u043b\u0435\u0442 \u0441\u043e \u0434\u043d\u044f \u0440\u043e\u0436\u0434\u0435\u043d\u0438\u044f \u0432\u0441\u0435\u043c\u0438\u0440\u043d\u043e \u0438\u0437\u0432\u0435\u0441\u0442\u043d\u043e\u0433\u043e \u0441\u0435\u043c\u0438\u043e\u0442\u0438\u043a\u0430, \u043b\u0438\u0442\u0435\u0440\u0430\u0442\u0443\u0440\u043e\u0432\u0435\u0434\u0430 \u0438 \u043a\u0443\u043b\u044c\u0442\u0443\u0440\u043e\u043b\u043e\u0433\u0430 \u042e\u0440\u0438\u044f \u041c\u0438\u0445\u0430\u0439\u043b\u043e\u0432\u0438\u0447\u0430 \u041b\u043e\u0442\u043c\u0430\u043d\u0430 (1922\u20131993). \u041f\u0440\u043e\u0432\u0435\u0434\u0435\u043d\u0438\u0435 \u043c\u0435\u0436\u0434\u0443\u043d\u0430\u0440\u043e\u0434\u043d\u043e\u0433\u043e \u0438\u043d\u0442\u0435\u0440\u0434\u0438\u0441\u0446\u0438\u043f\u043b\u0438\u043d\u0430\u0440\u043d\u043e\u0433\u043e \u0430\u043a\u0430\u0434\u0435\u043c\u0438\u0447\u0435\u0441\u043a\u043e\u0433\u043e \u043c\u0435\u0440\u043e\u043f\u0440\u0438\u044f\u0442\u0438\u044f \u044f\u0432\u043b\u044f\u0435\u0442\u0441\u044f \u043a\u043b\u044e\u0447\u0435\u0432\u044b\u043c \u0438 \u0437\u0430\u0432\u0435\u0440\u0448\u0430\u044e\u0449\u0438\u043c \u0441\u043e\u0431\u044b\u0442\u0438\u0435\u043c \u0432 \u043e\u0431\u0448\u0438\u0440\u043d\u043e\u043c \u0441\u043f\u0438\u0441\u043a\u0435 \u043c\u0435\u0440\u043e\u043f\u0440\u0438\u044f\u0442\u0438\u0439 \u044e\u0431\u0438\u043b\u0435\u0439\u043d\u043e\u0433\u043e \u0433\u043e\u0434\u0430. \u041a\u043e\u043d\u0433\u0440\u0435\u0441\u0441 \u043f\u0440\u0438\u0437\u0432\u0430\u043d \u043e\u0442\u043c\u0435\u0442\u0438\u0442\u044c \u0441\u0442\u043e\u043b\u0435\u0442\u0438\u0435 \u0441\u043e \u0434\u043d\u044f \u0440\u043e\u0436\u0434\u0435\u043d\u0438\u044f \u041b\u043e\u0442\u043c\u0430\u043d\u0430, \u043e\u0431\u044a\u0435\u0434\u0438\u043d\u0438\u0432 \u0441\u043f\u0435\u0446\u0438\u0430\u043b\u0438\u0441\u0442\u043e\u0432 \u0441\u0430\u043c\u044b\u0445 \u0440\u0430\u0437\u043d\u044b\u0445 \u043d\u0430\u043f\u0440\u0430\u0432\u043b\u0435\u043d\u0438\u0439, \u0441\u0432\u044f\u0437\u0430\u043d\u043d\u044b\u0445 \u0441 \u0438\u043d\u0442\u0435\u043b\u043b\u0435\u043a\u0442\u0443\u0430\u043b\u044c\u043d\u044b\u043c \u043d\u0430\u0441\u043b\u0435\u0434\u0438\u0435\u043c \u0443\u0447\u0435\u043d\u043e\u0433\u043e, \u0441\u043e\u0437\u0434\u0430\u0432 \u043d\u0430 \u0432\u044b\u0441\u0448\u0435\u043c \u0443\u0440\u043e\u0432\u043d\u0435 \u043f\u043b\u043e\u0449\u0430\u0434\u043a\u0443 \u0434\u043b\u044f \u043a\u0443\u043b\u044c\u0442\u0443\u0440\u043d\u043e\u0433\u043e \u0434\u0438\u0430\u043b\u043e\u0433\u0430.<br>\u041f\u0440\u043e\u0432\u0435\u0434\u0435\u043d\u0438\u0435 \u043a\u043e\u043d\u0433\u0440\u0435\u0441\u0441\u0430 \u0435\u0449\u0435 \u0440\u0430\u0437 \u0434\u043e\u043a\u0430\u0437\u044b\u0432\u0430\u0435\u0442, \u0447\u0442\u043e \u044d\u0441\u0442\u043e\u043d\u0441\u043a\u0438\u0435 \u0443\u0447\u0435\u043d\u044b\u0435-\u0433\u0443\u043c\u0430\u043d\u0438\u0442\u0430\u0440\u0438\u0438 \u043f\u043e \u043f\u0440\u0430\u0432\u0443 \u0432\u0445\u043e\u0434\u044f\u0442 \u0432 \u0447\u0438\u0441\u043b\u043e \u0432\u0435\u0434\u0443\u0449\u0438\u0445 \u0435\u0432\u0440\u043e\u043f\u0435\u0439\u0441\u043a\u0438\u0445 \u0443\u0447\u0435\u043d\u044b\u0445, \u0430 \u044d\u0441\u0442\u043e\u043d\u0441\u043a\u0438\u0435 \u0443\u043d\u0438\u0432\u0435\u0440\u0441\u0438\u0442\u0435\u0442\u044b \u2014 \u0432 \u0447\u0438\u0441\u043b\u043e \u0432\u0435\u0434\u0443\u0449\u0438\u0445 \u0435\u0432\u0440\u043e\u043f\u0435\u0439\u0441\u043a\u0438\u0445 \u0446\u0435\u043d\u0442\u0440\u043e\u0432 \u043f\u043e \u0438\u0441\u0441\u043b\u0435\u0434\u043e\u0432\u0430\u043d\u0438\u044f\u043c \u0433\u0443\u043c\u0430\u043d\u0438\u0442\u0430\u0440\u043d\u044b\u0445 \u043d\u0430\u0443\u043a. \u041f\u043e\u0434\u0440\u043e\u0431\u043d\u0430\u044f \u0438\u043d\u0444\u043e\u0440\u043c\u0430\u0446\u0438\u044f \u043d\u0430 \u0441\u0430\u0439\u0442\u0435:&nbsp;<a rel=\"noreferrer noopener\" href=\"https:\/\/jurilotman.ee\/\" target=\"_blank\">jurilotman.ee<\/a><\/p>\n\n\n\n<p>\u041a\u043e\u043d\u0433\u0440\u0435\u0441\u0441 \u043e\u0440\u0433\u0430\u043d\u0438\u0437\u043e\u0432\u0430\u043d \u0432 \u0441\u043e\u0442\u0440\u0443\u0434\u043d\u0438\u0447\u0435\u0441\u0442\u0432\u0435 \u0441 \u0426\u0435\u043d\u0442\u0440\u043e\u043c \u043f\u0435\u0440\u0435\u0434\u043e\u0432\u043e\u0433\u043e \u043e\u043f\u044b\u0442\u0430 \u0422\u0430\u043b\u043b\u0438\u043d\u043d\u0441\u043a\u043e\u0433\u043e \u0443\u043d\u0438\u0432\u0435\u0440\u0441\u0438\u0442\u0435\u0442\u0430 \u0432 \u043e\u0431\u043b\u0430\u0441\u0442\u0438 \u043c\u0435\u0436\u043a\u0443\u043b\u044c\u0442\u0443\u0440\u043d\u044b\u0445 \u0438\u0441\u0441\u043b\u0435\u0434\u043e\u0432\u0430\u043d\u0438\u0439 \u043f\u0440\u0438 \u043f\u043e\u0434\u0434\u0435\u0440\u0436\u043a\u0435 \u0415\u0432\u0440\u043e\u043f\u0435\u0439\u0441\u043a\u043e\u0433\u043e \u0444\u043e\u043d\u0434\u0430 \u0440\u0435\u0433\u0438\u043e\u043d\u0430\u043b\u044c\u043d\u043e\u0433\u043e \u0440\u0430\u0437\u0432\u0438\u0442\u0438\u044f (\u0415\u0432\u0440\u043e\u043f\u0435\u0439\u0441\u043a\u0438\u0439 \u0441\u043e\u044e\u0437). (\u041f\u0440\u043e\u0435\u043a\u0442 \u0422\u0430\u043b\u043b\u0438\u043d\u043d\u0441\u043a\u043e\u0433\u043e \u0443\u043d\u0438\u0432\u0435\u0440\u0441\u0438\u0442\u0435\u0442\u0430 ASTRA, \u043c\u0435\u0440\u043e\u043f\u0440\u0438\u044f\u0442\u0438\u0435 TU TEE A7).<\/p>\n","protected":false},"excerpt":{"rendered":"<p>\u041c\u0435\u0436\u0434\u0443\u043d\u0430\u0440\u043e\u0434\u043d\u044b\u0439 \u043a\u043e\u043d\u0433\u0440\u0435\u0441\u0441 \u00ab\u0421\u0435\u043c\u0438\u043e\u0441\u0444\u0435\u0440\u0430 \u041b\u043e\u0442\u043c\u0430\u043d\u0430\u00bb 25\u201328 \u0444\u0435\u0432\u0440\u0430\u043b\u044f 2022 \u0433\u043e\u0434\u0430 \u0432 \u0422\u0430\u043b\u043b\u0438\u043d\u043d\u0441\u043a\u043e\u043c \u0438 \u0432 \u0422\u0430\u0440\u0442\u0443\u0441\u043a\u043e\u043c \u0443\u043d\u0438\u0432\u0435\u0440\u0441\u0438\u0442\u0435\u0442\u0435.<\/p>\n","protected":false},"author":1,"featured_media":0,"parent":2243,"menu_order":0,"comment_status":"closed","ping_status":"closed","template":"","meta":[],"acf":[],"_links":{"self":[{"href":"https:\/\/jurilotman.ee\/ru\/wp-json\/wp\/v2\/pages\/2247"}],"collection":[{"href":"https:\/\/jurilotman.ee\/ru\/wp-json\/wp\/v2\/pages"}],"about":[{"href":"https:\/\/jurilotman.ee\/ru\/wp-json\/wp\/v2\/types\/page"}],"author":[{"embeddable":true,"href":"https:\/\/jurilotman.ee\/ru\/wp-json\/wp\/v2\/users\/1"}],"replies":[{"embeddable":true,"href":"https:\/\/jurilotman.ee\/ru\/wp-json\/wp\/v2\/comments?post=2247"}],"version-history":[{"count":4,"href":"https:\/\/jurilotman.ee\/ru\/wp-json\/wp\/v2\/pages\/2247\/revisions"}],"predecessor-version":[{"id":6584,"href":"https:\/\/jurilotman.ee\/ru\/wp-json\/wp\/v2\/pages\/2247\/revisions\/6584"}],"up":[{"embeddable":true,"href":"https:\/\/jurilotman.ee\/ru\/wp-json\/wp\/v2\/pages\/2243"}],"wp:attachment":[{"href":"https:\/\/jurilotman.ee\/ru\/wp-json\/wp\/v2\/media?parent=2247"}],"curies":[{"name":"wp","href":"https:\/\/api.w.org\/{rel}","templated":true}]}}