{"id":2352,"date":"2022-01-06T12:02:14","date_gmt":"2022-01-06T12:02:14","guid":{"rendered":"https:\/\/jurilotman.ee\/?page_id=2352"},"modified":"2022-02-23T14:57:42","modified_gmt":"2022-02-23T12:57:42","slug":"andmekaitsetingimused","status":"publish","type":"page","link":"https:\/\/jurilotman.ee\/ru\/andmekaitsetingimused\/","title":{"rendered":"Andmekaitsetingimused"},"content":{"rendered":"\n<h2>Kes me oleme<\/h2>\n\n\n\n<p>Meie veebisaidi aadress on https:\/\/jurilotman.ee.<\/p>\n\n\n\n<h2>Lisatud sisu muudelt veebisaitidelt<\/h2>\n\n\n\n<p>Selle veebisaidi artiklites v\u00f5ib olla lisatud sisu muudest allikatest (videod, pildid, artiklid jne). Need k\u00e4ituvad samamoodi nagu nende algse p\u00e4ritolulehe k\u00fclastamisel.<\/p>\n\n\n\n<p>See veebileht v\u00f5ib koguda sinu kohta infot, kasutada k\u00fcpsiseid, lisada kolmanda osapoole j\u00e4lgimismehhanisme ja neid sinu tegevuse j\u00e4lgimiseks kasutada, kui oled sinna kasutajakonto loonud ja sisse loginud.<\/p>\n","protected":false},"excerpt":{"rendered":"<p>Kes me oleme Meie veebisaidi aadress on https:\/\/jurilotman.ee. Lisatud sisu muudelt veebisaitidelt Selle veebisaidi artiklites &hellip;<\/p>\n","protected":false},"author":1,"featured_media":0,"parent":0,"menu_order":0,"comment_status":"closed","ping_status":"closed","template":"","meta":[],"acf":[],"_links":{"self":[{"href":"https:\/\/jurilotman.ee\/ru\/wp-json\/wp\/v2\/pages\/2352"}],"collection":[{"href":"https:\/\/jurilotman.ee\/ru\/wp-json\/wp\/v2\/pages"}],"about":[{"href":"https:\/\/jurilotman.ee\/ru\/wp-json\/wp\/v2\/types\/page"}],"author":[{"embeddable":true,"href":"https:\/\/jurilotman.ee\/ru\/wp-json\/wp\/v2\/users\/1"}],"replies":[{"embeddable":true,"href":"https:\/\/jurilotman.ee\/ru\/wp-json\/wp\/v2\/comments?post=2352"}],"version-history":[{"count":2,"href":"https:\/\/jurilotman.ee\/ru\/wp-json\/wp\/v2\/pages\/2352\/revisions"}],"predecessor-version":[{"id":6248,"href":"https:\/\/jurilotman.ee\/ru\/wp-json\/wp\/v2\/pages\/2352\/revisions\/6248"}],"wp:attachment":[{"href":"https:\/\/jurilotman.ee\/ru\/wp-json\/wp\/v2\/media?parent=2352"}],"curies":[{"name":"wp","href":"https:\/\/api.w.org\/{rel}","templated":true}]}}